{"id":13,"date":"2026-01-09T15:28:53","date_gmt":"2026-01-09T14:28:53","guid":{"rendered":"https:\/\/nbg-avocats.fr\/accueil\/"},"modified":"2026-01-09T20:00:01","modified_gmt":"2026-01-09T19:00:01","slug":"accueil","status":"publish","type":"page","link":"https:\/\/nbg-avocats.fr\/ru\/","title":{"rendered":"\u0413\u043b\u0430\u0432\u043d\u0430\u044f"},"content":{"rendered":"<div class=\"wp-block-columns are-vertically-aligned-center\">\n<div class=\"wp-block-column is-vertically-aligned-center\">\n<h1>\u0410\u0434\u0432\u043e\u043a\u0430\u0442 \u041d\u0430\u0438\u0440\u0430 \u0411\u0430\u0440\u0441\u0435\u0433\u044f\u043d<\/h1>\n<p><strong>\u0427\u043b\u0435\u043d \u041f\u0430\u0440\u0438\u0436\u0441\u043a\u043e\u0439 \u043a\u043e\u043b\u043b\u0435\u0433\u0438\u0438 \u0430\u0434\u0432\u043e\u043a\u0430\u0442\u043e\u0432<\/strong><\/p>\n<p>\u041d\u0430\u0438\u0440\u0430 \u0411\u0430\u0440\u0441\u0438\u0433\u043b\u0438\u043d\u0430 \u044d\u0444\u0444\u0435\u043a\u0442\u0438\u0432\u043d\u043e \u0437\u0430\u0449\u0438\u0449\u0430\u0435\u0442 \u0438\u043d\u0442\u0435\u0440\u0435\u0441\u044b \u0441\u0432\u043e\u0438\u0445 \u043a\u043b\u0438\u0435\u043d\u0442\u043e\u0432, \u0441\u043e\u0445\u0440\u0430\u043d\u044f\u044f \u043d\u0435\u0437\u0430\u0432\u0438\u0441\u0438\u043c\u044b\u0439 \u0438 \u0432\u0437\u0432\u0435\u0448\u0435\u043d\u043d\u044b\u0439 \u043f\u043e\u0434\u0445\u043e\u0434 \u043a \u043a\u0430\u0436\u0434\u043e\u043c\u0443 \u0434\u0435\u043b\u0443. \u0415\u0451 \u0443\u0441\u043b\u0443\u0433\u0438 \u0432\u043a\u043b\u044e\u0447\u0430\u044e\u0442 \u043a\u0430\u043a \u043f\u0440\u0430\u0432\u043e\u0432\u044b\u0435 \u043a\u043e\u043d\u0441\u0443\u043b\u044c\u0442\u0430\u0446\u0438\u0438, \u0442\u0430\u043a \u0438 \u043f\u0440\u0435\u0434\u0441\u0442\u0430\u0432\u0438\u0442\u0435\u043b\u044c\u0441\u0442\u0432\u043e \u0438\u043d\u0442\u0435\u0440\u0435\u0441\u043e\u0432 \u043a\u043b\u0438\u0435\u043d\u0442\u043e\u0432 \u0432 \u0441\u0443\u0434\u0430\u0445. \u0412 \u0441\u0432\u043e\u0435\u0439 \u0440\u0430\u0431\u043e\u0442\u0435 \u043e\u043d\u0430 \u043e\u043f\u0438\u0440\u0430\u0435\u0442\u0441\u044f \u043d\u0430 \u0442\u043e\u0447\u043d\u044b\u0439 \u043f\u0440\u0430\u0432\u043e\u0432\u043e\u0439 \u0430\u043d\u0430\u043b\u0438\u0437 \u0438 \u0440\u0430\u0437\u0440\u0430\u0431\u0430\u0442\u044b\u0432\u0430\u0435\u0442 \u0441\u0442\u0440\u0430\u0442\u0435\u0433\u0438\u044e, \u0430\u0434\u0430\u043f\u0442\u0438\u0440\u043e\u0432\u0430\u043d\u043d\u0443\u044e \u043a \u043a\u043e\u043d\u043a\u0440\u0435\u0442\u043d\u043e\u0439 \u0441\u0438\u0442\u0443\u0430\u0446\u0438\u0438.<\/p>\n<p>\u0424\u0438\u0440\u043c\u0430 \u0432\u044b\u0441\u0442\u0440\u0430\u0438\u0432\u0430\u0435\u0442 \u0434\u043e\u0432\u0435\u0440\u0438\u0442\u0435\u043b\u044c\u043d\u044b\u0435 \u043e\u0442\u043d\u043e\u0448\u0435\u043d\u0438\u044f \u0441 \u043a\u043b\u0438\u0435\u043d\u0442\u0430\u043c\u0438, \u043e\u0441\u043d\u043e\u0432\u044b\u0432\u0430\u044f\u0441\u044c \u043d\u0430 \u044f\u0441\u043d\u043e\u0441\u0442\u0438, \u043e\u0442\u043a\u0440\u044b\u0442\u043e\u0441\u0442\u0438 \u0438 \u0441\u0442\u0440\u043e\u0433\u043e\u043c \u0441\u043e\u0431\u043b\u044e\u0434\u0435\u043d\u0438\u0438 \u043a\u043e\u043d\u0444\u0438\u0434\u0435\u043d\u0446\u0438\u0430\u043b\u044c\u043d\u043e\u0441\u0442\u0438. \u041a\u0430\u0436\u0434\u043e\u0435 \u0434\u0435\u043b\u043e \u0432\u0435\u0434\u0451\u0442\u0441\u044f \u0442\u0449\u0430\u0442\u0435\u043b\u044c\u043d\u043e \u0438 \u043f\u0440\u043e\u0437\u0440\u0430\u0447\u043d\u043e, \u0441 \u043f\u043e\u043b\u043d\u043e\u0439 \u043e\u0442\u0432\u0435\u0442\u0441\u0442\u0432\u0435\u043d\u043d\u043e\u0441\u0442\u044c\u044e \u0437\u0430 \u0440\u0435\u0437\u0443\u043b\u044c\u0442\u0430\u0442.<\/p>\n<div class=\"wp-block-buttons\">\n<div class=\"wp-block-button\">\n    <a class=\"wp-block-button__link\" href=\"\/ru\/contact\/\">\u0421\u0432\u044f\u0436\u0438\u0442\u0435\u0441\u044c \u0441 \u043d\u0430\u043c\u0438<\/a>\n  <\/div>\n<\/div>\n<\/div>\n<div class=\"wp-block-column is-vertically-aligned-center\" style=\"display:flex;justify-content:flex-end;\">\n<figure class=\"wp-block-image size-large\" style=\"width:50%;margin:0;\">\n  <img decoding=\"async\" src=\"https:\/\/nbg-avocats.fr\/wp-content\/uploads\/2026\/01\/Naira-Barsegyan-2.jpeg\"\n       alt=\"Ma\u00eetre Naira Barsegyan\"\n       style=\"width:100%;height:auto;\" \/><br \/>\n<\/figure>\n<\/div>\n<\/div>","protected":false},"excerpt":{"rendered":"<p>Ma\u00eetre Naira Barsegyan Avocate au Barreau de Paris Ma\u00eetre Naira Barsegyan accompagne ses clients avec rigueur, ind\u00e9pendance et engagement. Elle intervient tant en conseil qu\u2019en contentieux, en apportant une analyse juridique pr\u00e9cise et une strat\u00e9gie adapt\u00e9e \u00e0 chaque situation. Le cabinet privil\u00e9gie une relation de confiance fond\u00e9e sur l\u2019\u00e9coute, la clart\u00e9 et la confidentialit\u00e9. Chaque [&hellip;]<\/p>\n","protected":false},"author":0,"featured_media":16,"parent":0,"menu_order":0,"comment_status":"closed","ping_status":"closed","template":"","meta":{"footnotes":""},"class_list":["post-13","page","type-page","status-publish","has-post-thumbnail","hentry"],"blocksy_meta":[],"yoast_head":"<!-- This site is optimized with the Yoast SEO plugin v27.5 - https:\/\/yoast.com\/product\/yoast-seo-wordpress\/ -->\n<title>Avocat en droit des affaires et immigration \u00e0 Paris | NBG Avocats<\/title>\n<meta name=\"description\" content=\"Cabinet d\u2019avocat \u00e0 Paris en droit des affaires et droit de l\u2019immigration. Conseil, contentieux et accompagnement juridique personnalis\u00e9.\" \/>\n<meta name=\"robots\" content=\"index, follow, max-snippet:-1, max-image-preview:large, max-video-preview:-1\" \/>\n<link rel=\"canonical\" href=\"https:\/\/nbg-avocats.fr\/ru\/\" \/>\n<meta property=\"og:locale\" content=\"ru_RU\" \/>\n<meta property=\"og:type\" content=\"article\" \/>\n<meta property=\"og:title\" content=\"Avocat en droit des affaires et immigration \u00e0 Paris | NBG Avocats\" \/>\n<meta property=\"og:description\" content=\"Cabinet d\u2019avocat \u00e0 Paris en droit des affaires et droit de l\u2019immigration. Conseil, contentieux et accompagnement juridique personnalis\u00e9.\" \/>\n<meta property=\"og:url\" content=\"https:\/\/nbg-avocats.fr\/ru\/\" \/>\n<meta property=\"og:site_name\" content=\"NBG-AVOCATS\" \/>\n<meta property=\"article:modified_time\" content=\"2026-01-09T19:00:01+00:00\" \/>\n<meta property=\"og:image\" content=\"https:\/\/nbg-avocats.fr\/wp-content\/uploads\/\/var\/www\/html\/imports\/Naira-Barsegyan-2.jpeg\" \/>\n\t<meta property=\"og:image:width\" content=\"1446\" \/>\n\t<meta property=\"og:image:height\" content=\"2048\" \/>\n\t<meta property=\"og:image:type\" content=\"image\/jpeg\" \/>\n<meta name=\"twitter:card\" content=\"summary_large_image\" \/>\n<script type=\"application\/ld+json\" class=\"yoast-schema-graph\">{\"@context\":\"https:\\\/\\\/schema.org\",\"@graph\":[{\"@type\":\"WebPage\",\"@id\":\"https:\\\/\\\/nbg-avocats.fr\\\/\",\"url\":\"https:\\\/\\\/nbg-avocats.fr\\\/\",\"name\":\"Avocat en droit des affaires et immigration \u00e0 Paris | NBG Avocats\",\"isPartOf\":{\"@id\":\"https:\\\/\\\/nbg-avocats.fr\\\/#website\"},\"primaryImageOfPage\":{\"@id\":\"https:\\\/\\\/nbg-avocats.fr\\\/#primaryimage\"},\"image\":{\"@id\":\"https:\\\/\\\/nbg-avocats.fr\\\/#primaryimage\"},\"thumbnailUrl\":\"https:\\\/\\\/nbg-avocats.fr\\\/wp-content\\\/uploads\\\/\\\/var\\\/www\\\/html\\\/imports\\\/Naira-Barsegyan-2.jpeg\",\"datePublished\":\"2026-01-09T14:28:53+00:00\",\"dateModified\":\"2026-01-09T19:00:01+00:00\",\"description\":\"Cabinet d\u2019avocat \u00e0 Paris en droit des affaires et droit de l\u2019immigration. Conseil, contentieux et accompagnement juridique personnalis\u00e9.\",\"breadcrumb\":{\"@id\":\"https:\\\/\\\/nbg-avocats.fr\\\/#breadcrumb\"},\"inLanguage\":\"ru-RU\",\"potentialAction\":[{\"@type\":\"ReadAction\",\"target\":[\"https:\\\/\\\/nbg-avocats.fr\\\/\"]}]},{\"@type\":\"ImageObject\",\"inLanguage\":\"ru-RU\",\"@id\":\"https:\\\/\\\/nbg-avocats.fr\\\/#primaryimage\",\"url\":\"https:\\\/\\\/nbg-avocats.fr\\\/wp-content\\\/uploads\\\/\\\/var\\\/www\\\/html\\\/imports\\\/Naira-Barsegyan-2.jpeg\",\"contentUrl\":\"https:\\\/\\\/nbg-avocats.fr\\\/wp-content\\\/uploads\\\/\\\/var\\\/www\\\/html\\\/imports\\\/Naira-Barsegyan-2.jpeg\",\"width\":1446,\"height\":2048,\"caption\":\"Ma\u00eetre Naira Barsegyan, Avocate\"},{\"@type\":\"BreadcrumbList\",\"@id\":\"https:\\\/\\\/nbg-avocats.fr\\\/#breadcrumb\",\"itemListElement\":[{\"@type\":\"ListItem\",\"position\":1,\"name\":\"Accueil\",\"item\":\"https:\\\/\\\/nbg-avocats.fr\\\/\"},{\"@type\":\"ListItem\",\"position\":2,\"name\":\"Accueil\"}]},{\"@type\":\"WebSite\",\"@id\":\"https:\\\/\\\/nbg-avocats.fr\\\/#website\",\"url\":\"https:\\\/\\\/nbg-avocats.fr\\\/\",\"name\":\"NBG-AVOCATS\",\"description\":\"\",\"publisher\":{\"@id\":\"https:\\\/\\\/nbg-avocats.fr\\\/#organization\"},\"potentialAction\":[{\"@type\":\"SearchAction\",\"target\":{\"@type\":\"EntryPoint\",\"urlTemplate\":\"https:\\\/\\\/nbg-avocats.fr\\\/?s={search_term_string}\"},\"query-input\":{\"@type\":\"PropertyValueSpecification\",\"valueRequired\":true,\"valueName\":\"search_term_string\"}}],\"inLanguage\":\"ru-RU\"},{\"@type\":\"Organization\",\"@id\":\"https:\\\/\\\/nbg-avocats.fr\\\/#organization\",\"name\":\"NBG-AVOCATS\",\"url\":\"https:\\\/\\\/nbg-avocats.fr\\\/\",\"logo\":{\"@type\":\"ImageObject\",\"inLanguage\":\"ru-RU\",\"@id\":\"https:\\\/\\\/nbg-avocats.fr\\\/#\\\/schema\\\/logo\\\/image\\\/\",\"url\":\"https:\\\/\\\/nbg-avocats.fr\\\/wp-content\\\/uploads\\\/2026\\\/01\\\/NBG-AVOCATS.png\",\"contentUrl\":\"https:\\\/\\\/nbg-avocats.fr\\\/wp-content\\\/uploads\\\/2026\\\/01\\\/NBG-AVOCATS.png\",\"width\":1024,\"height\":1024,\"caption\":\"NBG-AVOCATS\"},\"image\":{\"@id\":\"https:\\\/\\\/nbg-avocats.fr\\\/#\\\/schema\\\/logo\\\/image\\\/\"},\"sameAs\":[\"https:\\\/\\\/www.instagram.com\\\/maitre_barsegyan?igsh=YTNvbWV2Yzh6a3o1&utm_source=qr\",\"https:\\\/\\\/www.linkedin.com\\\/in\\\/naira-barsegyanjuristeinternationaldroitdesaffaires\\\/\"]}]}<\/script>\n<!-- \/ Yoast SEO plugin. -->","yoast_head_json":{"title":"Avocat en droit des affaires et immigration \u00e0 Paris | NBG Avocats","description":"Cabinet d\u2019avocat \u00e0 Paris en droit des affaires et droit de l\u2019immigration. Conseil, contentieux et accompagnement juridique personnalis\u00e9.","robots":{"index":"index","follow":"follow","max-snippet":"max-snippet:-1","max-image-preview":"max-image-preview:large","max-video-preview":"max-video-preview:-1"},"canonical":"https:\/\/nbg-avocats.fr\/ru\/","og_locale":"ru_RU","og_type":"article","og_title":"Avocat en droit des affaires et immigration \u00e0 Paris | NBG Avocats","og_description":"Cabinet d\u2019avocat \u00e0 Paris en droit des affaires et droit de l\u2019immigration. Conseil, contentieux et accompagnement juridique personnalis\u00e9.","og_url":"https:\/\/nbg-avocats.fr\/ru\/","og_site_name":"NBG-AVOCATS","article_modified_time":"2026-01-09T19:00:01+00:00","og_image":[{"width":1446,"height":2048,"url":"https:\/\/nbg-avocats.fr\/wp-content\/uploads\/\/var\/www\/html\/imports\/Naira-Barsegyan-2.jpeg","type":"image\/jpeg"}],"twitter_card":"summary_large_image","schema":{"@context":"https:\/\/schema.org","@graph":[{"@type":"WebPage","@id":"https:\/\/nbg-avocats.fr\/","url":"https:\/\/nbg-avocats.fr\/","name":"Avocat en droit des affaires et immigration \u00e0 Paris | NBG Avocats","isPartOf":{"@id":"https:\/\/nbg-avocats.fr\/#website"},"primaryImageOfPage":{"@id":"https:\/\/nbg-avocats.fr\/#primaryimage"},"image":{"@id":"https:\/\/nbg-avocats.fr\/#primaryimage"},"thumbnailUrl":"https:\/\/nbg-avocats.fr\/wp-content\/uploads\/\/var\/www\/html\/imports\/Naira-Barsegyan-2.jpeg","datePublished":"2026-01-09T14:28:53+00:00","dateModified":"2026-01-09T19:00:01+00:00","description":"Cabinet d\u2019avocat \u00e0 Paris en droit des affaires et droit de l\u2019immigration. Conseil, contentieux et accompagnement juridique personnalis\u00e9.","breadcrumb":{"@id":"https:\/\/nbg-avocats.fr\/#breadcrumb"},"inLanguage":"ru-RU","potentialAction":[{"@type":"ReadAction","target":["https:\/\/nbg-avocats.fr\/"]}]},{"@type":"ImageObject","inLanguage":"ru-RU","@id":"https:\/\/nbg-avocats.fr\/#primaryimage","url":"https:\/\/nbg-avocats.fr\/wp-content\/uploads\/\/var\/www\/html\/imports\/Naira-Barsegyan-2.jpeg","contentUrl":"https:\/\/nbg-avocats.fr\/wp-content\/uploads\/\/var\/www\/html\/imports\/Naira-Barsegyan-2.jpeg","width":1446,"height":2048,"caption":"Ma\u00eetre Naira Barsegyan, Avocate"},{"@type":"BreadcrumbList","@id":"https:\/\/nbg-avocats.fr\/#breadcrumb","itemListElement":[{"@type":"ListItem","position":1,"name":"Accueil","item":"https:\/\/nbg-avocats.fr\/"},{"@type":"ListItem","position":2,"name":"Accueil"}]},{"@type":"WebSite","@id":"https:\/\/nbg-avocats.fr\/#website","url":"https:\/\/nbg-avocats.fr\/","name":"NBG-AVOCATS","description":"","publisher":{"@id":"https:\/\/nbg-avocats.fr\/#organization"},"potentialAction":[{"@type":"SearchAction","target":{"@type":"EntryPoint","urlTemplate":"https:\/\/nbg-avocats.fr\/?s={search_term_string}"},"query-input":{"@type":"PropertyValueSpecification","valueRequired":true,"valueName":"search_term_string"}}],"inLanguage":"ru-RU"},{"@type":"Organization","@id":"https:\/\/nbg-avocats.fr\/#organization","name":"NBG-AVOCATS","url":"https:\/\/nbg-avocats.fr\/","logo":{"@type":"ImageObject","inLanguage":"ru-RU","@id":"https:\/\/nbg-avocats.fr\/#\/schema\/logo\/image\/","url":"https:\/\/nbg-avocats.fr\/wp-content\/uploads\/2026\/01\/NBG-AVOCATS.png","contentUrl":"https:\/\/nbg-avocats.fr\/wp-content\/uploads\/2026\/01\/NBG-AVOCATS.png","width":1024,"height":1024,"caption":"NBG-AVOCATS"},"image":{"@id":"https:\/\/nbg-avocats.fr\/#\/schema\/logo\/image\/"},"sameAs":["https:\/\/www.instagram.com\/maitre_barsegyan?igsh=YTNvbWV2Yzh6a3o1&utm_source=qr","https:\/\/www.linkedin.com\/in\/naira-barsegyanjuristeinternationaldroitdesaffaires\/"]}]}},"_links":{"self":[{"href":"https:\/\/nbg-avocats.fr\/ru\/wp-json\/wp\/v2\/pages\/13","targetHints":{"allow":["GET"]}}],"collection":[{"href":"https:\/\/nbg-avocats.fr\/ru\/wp-json\/wp\/v2\/pages"}],"about":[{"href":"https:\/\/nbg-avocats.fr\/ru\/wp-json\/wp\/v2\/types\/page"}],"replies":[{"embeddable":true,"href":"https:\/\/nbg-avocats.fr\/ru\/wp-json\/wp\/v2\/comments?post=13"}],"version-history":[{"count":8,"href":"https:\/\/nbg-avocats.fr\/ru\/wp-json\/wp\/v2\/pages\/13\/revisions"}],"predecessor-version":[{"id":48,"href":"https:\/\/nbg-avocats.fr\/ru\/wp-json\/wp\/v2\/pages\/13\/revisions\/48"}],"wp:featuredmedia":[{"embeddable":true,"href":"https:\/\/nbg-avocats.fr\/ru\/wp-json\/wp\/v2\/media\/16"}],"wp:attachment":[{"href":"https:\/\/nbg-avocats.fr\/ru\/wp-json\/wp\/v2\/media?parent=13"}],"curies":[{"name":"wp","href":"https:\/\/api.w.org\/{rel}","templated":true}]}}