{"id":14,"date":"2026-01-09T15:28:56","date_gmt":"2026-01-09T14:28:56","guid":{"rendered":"https:\/\/nbg-avocats.fr\/le-cabinet\/"},"modified":"2026-01-09T23:07:50","modified_gmt":"2026-01-09T22:07:50","slug":"les-competences","status":"publish","type":"page","link":"https:\/\/nbg-avocats.fr\/ru\/les-competences\/","title":{"rendered":"\u041a\u043e\u043c\u043f\u0435\u0442\u0435\u043d\u0446\u0438\u0438"},"content":{"rendered":"<p>\u042e\u0440\u0438\u0434\u0438\u0447\u0435\u0441\u043a\u0430\u044f \u0444\u0438\u0440\u043c\u0430 \u041d\u0430\u0438\u0440\u044b \u0411\u0430\u0440\u0441\u0435\u0433\u044f\u043d \u0441\u043e\u043f\u0440\u043e\u0432\u043e\u0436\u0434\u0430\u0435\u0442 \u0441\u0432\u043e\u0438\u0445 \u043a\u043b\u0438\u0435\u043d\u0442\u043e\u0432, \u0441\u043e\u0445\u0440\u0430\u043d\u044f\u044f \u043d\u0435\u0437\u0430\u0432\u0438\u0441\u0438\u043c\u044b\u0439 \u0438 \u0432\u0437\u0432\u0435\u0448\u0435\u043d\u043d\u044b\u0439 \u043f\u043e\u0434\u0445\u043e\u0434 \u043a \u043a\u0430\u0436\u0434\u043e\u043c\u0443 \u0434\u0435\u043b\u0443. \u0420\u0430\u0431\u043e\u0442\u0430 \u0441\u0442\u0440\u043e\u0438\u0442\u0441\u044f \u043d\u0430 \u0442\u0449\u0430\u0442\u0435\u043b\u044c\u043d\u043e\u043c \u043f\u0440\u0430\u0432\u043e\u0432\u043e\u043c \u0430\u043d\u0430\u043b\u0438\u0437\u0435 \u0441 \u0443\u0447\u0451\u0442\u043e\u043c \u0447\u0435\u043b\u043e\u0432\u0435\u0447\u0435\u0441\u043a\u0438\u0445, \u043f\u0440\u043e\u0444\u0435\u0441\u0441\u0438\u043e\u043d\u0430\u043b\u044c\u043d\u044b\u0445 \u0438 \u0444\u0438\u043d\u0430\u043d\u0441\u043e\u0432\u044b\u0445 \u0430\u0441\u043f\u0435\u043a\u0442\u043e\u0432, \u0438\u043c\u0435\u044e\u0449\u0438\u0445 \u0437\u043d\u0430\u0447\u0435\u043d\u0438\u0435 \u0434\u043b\u044f \u043a\u043b\u0438\u0435\u043d\u0442\u0430.<\/p>\n\n\n\n<p>\u041f\u0440\u0430\u043a\u0442\u0438\u043a\u0430 \u0444\u0438\u0440\u043c\u044b \u0441\u0442\u0440\u043e\u0438\u0442\u0441\u044f \u043d\u0430 \u0434\u043e\u0432\u0435\u0440\u0438\u0442\u0435\u043b\u044c\u043d\u044b\u0445 \u043e\u0442\u043d\u043e\u0448\u0435\u043d\u0438\u044f\u0445, \u0443\u043c\u0435\u043d\u0438\u0438 \u0441\u043b\u044b\u0448\u0430\u0442\u044c \u043a\u043b\u0438\u0435\u043d\u0442\u0430, \u043e\u0442\u043a\u0440\u044b\u0442\u043e\u0441\u0442\u0438 \u0438 \u0441\u0442\u0440\u043e\u0433\u043e\u043c \u0441\u043e\u0431\u043b\u044e\u0434\u0435\u043d\u0438\u0438 \u043a\u043e\u043d\u0444\u0438\u0434\u0435\u043d\u0446\u0438\u0430\u043b\u044c\u043d\u043e\u0441\u0442\u0438. \u041d\u0430\u0438\u0440\u0430 \u0411\u0430\u0440\u0441\u0435\u0433\u044f\u043d \u043e\u043a\u0430\u0437\u044b\u0432\u0430\u0435\u0442 \u043a\u0430\u043a \u044e\u0440\u0438\u0434\u0438\u0447\u0435\u0441\u043a\u0438\u0435 \u043a\u043e\u043d\u0441\u0443\u043b\u044c\u0442\u0430\u0446\u0438\u0438, \u0442\u0430\u043a \u0438 \u043f\u0440\u0435\u0434\u0441\u0442\u0430\u0432\u043b\u044f\u0435\u0442 \u0438\u043d\u0442\u0435\u0440\u0435\u0441\u044b \u043a\u043b\u0438\u0435\u043d\u0442\u043e\u0432 \u0432 \u0441\u0443\u0434\u0435, \u0440\u0430\u0437\u0440\u0430\u0431\u0430\u0442\u044b\u0432\u0430\u044f \u043f\u0440\u0430\u0432\u043e\u0432\u044b\u0435 \u0441\u0442\u0440\u0430\u0442\u0435\u0433\u0438\u0438 \u0441 \u0443\u0447\u0451\u0442\u043e\u043c \u043a\u0430\u0436\u0434\u043e\u0439 \u043a\u043e\u043d\u043a\u0440\u0435\u0442\u043d\u043e\u0439 \u0441\u0438\u0442\u0443\u0430\u0446\u0438\u0438.<\/p>\n\n\n\n<p>\u0412 \u043e\u0431\u043b\u0430\u0441\u0442\u0438 <strong>\u043f\u0440\u0435\u0434\u043f\u0440\u0438\u043d\u0438\u043c\u0430\u0442\u0435\u043b\u044c\u0441\u043a\u043e\u0433\u043e \u043f\u0440\u0430\u0432\u0430<\/strong>, \u0444\u0438\u0440\u043c\u0430 \u043e\u043a\u0430\u0437\u044b\u0432\u0430\u0435\u0442 \u043a\u043e\u043c\u043f\u0430\u043d\u0438\u044f\u043c \u043f\u043e\u0434\u0434\u0435\u0440\u0436\u043a\u0443 \u0432 \u0440\u0435\u0448\u0435\u043d\u0438\u0438 \u043a\u0430\u043a \u043f\u043e\u0432\u0441\u0435\u0434\u043d\u0435\u0432\u043d\u044b\u0445, \u0442\u0430\u043a \u0438 \u0441\u0442\u0440\u0430\u0442\u0435\u0433\u0438\u0447\u0435\u0441\u043a\u0438\u0445 \u044e\u0440\u0438\u0434\u0438\u0447\u0435\u0441\u043a\u0438\u0445 \u0437\u0430\u0434\u0430\u0447. \u0412 \u0447\u0430\u0441\u0442\u043d\u043e\u0441\u0442\u0438, \u0444\u0438\u0440\u043c\u0430 \u043a\u043e\u043d\u0441\u0443\u043b\u044c\u0442\u0438\u0440\u0443\u0435\u0442 \u043f\u043e \u0432\u043e\u043f\u0440\u043e\u0441\u0430\u043c \u0441\u0442\u0440\u0443\u043a\u0442\u0443\u0440\u044b \u0431\u0438\u0437\u043d\u0435\u0441\u0430, \u0434\u043e\u0433\u043e\u0432\u043e\u0440\u043d\u044b\u0445 \u043e\u0442\u043d\u043e\u0448\u0435\u043d\u0438\u0439, \u0432\u0435\u0434\u0435\u043d\u0438\u044f \u043f\u0435\u0440\u0435\u0433\u043e\u0432\u043e\u0440\u043e\u0432 \u0438 \u0441\u043e\u043f\u0440\u043e\u0432\u043e\u0436\u0434\u0435\u043d\u0438\u044f \u0441\u0434\u0435\u043b\u043e\u043a, \u0430 \u0442\u0430\u043a\u0436\u0435 \u043f\u043e \u0432\u043e\u043f\u0440\u043e\u0441\u0430\u043c \u043a\u043e\u043c\u043c\u0435\u0440\u0447\u0435\u0441\u043a\u0438\u0445 \u0441\u043f\u043e\u0440\u043e\u0432.<\/p>\n\n\n\n<p>\u0412 \u043e\u0431\u043b\u0430\u0441\u0442\u0438 <strong>\u0438\u043c\u043c\u0438\u0433\u0440\u0430\u0446\u0438\u043e\u043d\u043d\u043e\u0433\u043e \u043f\u0440\u0430\u0432\u0430<\/strong>, \u0444\u0438\u0440\u043c\u0430 \u043e\u043a\u0430\u0437\u044b\u0432\u0430\u0435\u0442 \u043f\u043e\u0434\u0434\u0435\u0440\u0436\u043a\u0443 \u0447\u0430\u0441\u0442\u043d\u044b\u043c \u043b\u0438\u0446\u0430\u043c \u0438 \u043f\u0440\u043e\u0444\u0435\u0441\u0441\u0438\u043e\u043d\u0430\u043b\u0430\u043c \u0432 \u0432\u043e\u043f\u0440\u043e\u0441\u0430\u0445 \u043f\u0440\u043e\u0436\u0438\u0432\u0430\u043d\u0438\u044f, \u0442\u0440\u0443\u0434\u043e\u0432\u043e\u0439 \u0434\u0435\u044f\u0442\u0435\u043b\u044c\u043d\u043e\u0441\u0442\u0438 \u0438 \u043c\u0435\u0436\u0434\u0443\u043d\u0430\u0440\u043e\u0434\u043d\u043e\u0439 \u043c\u043e\u0431\u0438\u043b\u044c\u043d\u043e\u0441\u0442\u0438. \u041a\u0430\u0436\u0434\u043e\u0435 \u0434\u0435\u043b\u043e \u0440\u0430\u0441\u0441\u043c\u0430\u0442\u0440\u0438\u0432\u0430\u0435\u0442\u0441\u044f \u0432\u043d\u0438\u043c\u0430\u0442\u0435\u043b\u044c\u043d\u043e \u0438 \u0441\u0442\u0440\u043e\u0433\u043e \u0432 \u0440\u0430\u043c\u043a\u0430\u0445 \u0430\u0434\u043c\u0438\u043d\u0438\u0441\u0442\u0440\u0430\u0442\u0438\u0432\u043d\u044b\u0445 \u043f\u0440\u043e\u0446\u0435\u0434\u0443\u0440 \u0438 \u0441\u0440\u043e\u043a\u043e\u0432, \u0441 \u0443\u0447\u0451\u0442\u043e\u043c \u0438\u043d\u0434\u0438\u0432\u0438\u0434\u0443\u0430\u043b\u044c\u043d\u043e\u0439 \u043b\u0438\u0447\u043d\u043e\u0439 \u0438 \u043f\u0440\u043e\u0444\u0435\u0441\u0441\u0438\u043e\u043d\u0430\u043b\u044c\u043d\u043e\u0439 \u0441\u0438\u0442\u0443\u0430\u0446\u0438\u0438 \u043a\u043b\u0438\u0435\u043d\u0442\u0430.<\/p>\n\n\n\n<p>\u0424\u0438\u0440\u043c\u0430, \u043e\u0440\u0438\u0435\u043d\u0442\u0438\u0440\u043e\u0432\u0430\u043d\u043d\u0430\u044f \u043d\u0430 \u0441\u043b\u043e\u0436\u043d\u0443\u044e \u044e\u0440\u0438\u0434\u0438\u0447\u0435\u0441\u043a\u0443\u044e \u043f\u0440\u0430\u043a\u0442\u0438\u043a\u0443, \u0441\u0442\u0440\u0435\u043c\u0438\u0442\u0441\u044f \u043f\u0440\u0435\u0434\u043e\u0441\u0442\u0430\u0432\u043b\u044f\u0442\u044c \u044f\u0441\u043d\u0443\u044e, \u043d\u0430\u0434\u0451\u0436\u043d\u0443\u044e \u0438 \u0447\u0435\u043b\u043e\u0432\u0435\u0447\u043d\u0443\u044e \u043f\u043e\u0434\u0434\u0435\u0440\u0436\u043a\u0443, \u0441\u0442\u0440\u043e\u0433\u043e \u0441\u043e\u0431\u043b\u044e\u0434\u0430\u044f \u044d\u0442\u0438\u0447\u0435\u0441\u043a\u0438\u0435 \u0441\u0442\u0430\u043d\u0434\u0430\u0440\u0442\u044b \u044e\u0440\u0438\u0434\u0438\u0447\u0435\u0441\u043a\u043e\u0439 \u043f\u0440\u043e\u0444\u0435\u0441\u0441\u0438\u0438.<\/p>","protected":false},"excerpt":{"rendered":"<p>Le cabinet de Ma\u00eetre Naira Barsegyan accompagne ses clients avec rigueur, ind\u00e9pendance et engagement. Chaque dossier est abord\u00e9 avec une analyse juridique approfondie et une attention particuli\u00e8re port\u00e9e aux enjeux humains, professionnels et patrimoniaux. La pratique du cabinet repose sur une relation de confiance, fond\u00e9e sur l\u2019\u00e9coute, la disponibilit\u00e9 et la confidentialit\u00e9. Ma\u00eetre Naira Barsegyan [&hellip;]<\/p>\n","protected":false},"author":0,"featured_media":0,"parent":0,"menu_order":0,"comment_status":"closed","ping_status":"closed","template":"","meta":{"footnotes":""},"class_list":["post-14","page","type-page","status-publish","hentry"],"blocksy_meta":[],"yoast_head":"<!-- This site is optimized with the Yoast SEO plugin v27.5 - https:\/\/yoast.com\/product\/yoast-seo-wordpress\/ -->\n<title>Domaines d\u2019expertise | Avocat droit des affaires et immigration Paris<\/title>\n<meta name=\"description\" content=\"Droit des affaires et droit de l\u2019immigration : d\u00e9couvrez les domaines d\u2019intervention du cabinet NBG Avocats \u00e0 Paris.\" \/>\n<meta name=\"robots\" content=\"index, follow, max-snippet:-1, max-image-preview:large, max-video-preview:-1\" \/>\n<link rel=\"canonical\" href=\"https:\/\/nbg-avocats.fr\/ru\/les-competences\/\" \/>\n<meta property=\"og:locale\" content=\"ru_RU\" \/>\n<meta property=\"og:type\" content=\"article\" \/>\n<meta property=\"og:title\" content=\"Domaines d\u2019expertise | Avocat droit des affaires et immigration Paris\" \/>\n<meta property=\"og:description\" content=\"Droit des affaires et droit de l\u2019immigration : d\u00e9couvrez les domaines d\u2019intervention du cabinet NBG Avocats \u00e0 Paris.\" \/>\n<meta property=\"og:url\" content=\"https:\/\/nbg-avocats.fr\/ru\/les-competences\/\" \/>\n<meta property=\"og:site_name\" content=\"NBG-AVOCATS\" \/>\n<meta property=\"article:modified_time\" content=\"2026-01-09T22:07:50+00:00\" \/>\n<meta name=\"twitter:card\" content=\"summary_large_image\" \/>\n<meta name=\"twitter:label1\" content=\"\u041f\u0440\u0438\u043c\u0435\u0440\u043d\u043e\u0435 \u0432\u0440\u0435\u043c\u044f \u0434\u043b\u044f \u0447\u0442\u0435\u043d\u0438\u044f\" \/>\n\t<meta name=\"twitter:data1\" content=\"1 \u043c\u0438\u043d\u0443\u0442\u0430\" \/>\n<script type=\"application\/ld+json\" class=\"yoast-schema-graph\">{\"@context\":\"https:\\\/\\\/schema.org\",\"@graph\":[{\"@type\":\"WebPage\",\"@id\":\"https:\\\/\\\/nbg-avocats.fr\\\/les-competences\\\/\",\"url\":\"https:\\\/\\\/nbg-avocats.fr\\\/les-competences\\\/\",\"name\":\"Domaines d\u2019expertise | Avocat droit des affaires et immigration Paris\",\"isPartOf\":{\"@id\":\"https:\\\/\\\/nbg-avocats.fr\\\/#website\"},\"datePublished\":\"2026-01-09T14:28:56+00:00\",\"dateModified\":\"2026-01-09T22:07:50+00:00\",\"description\":\"Droit des affaires et droit de l\u2019immigration : d\u00e9couvrez les domaines d\u2019intervention du cabinet NBG Avocats \u00e0 Paris.\",\"breadcrumb\":{\"@id\":\"https:\\\/\\\/nbg-avocats.fr\\\/les-competences\\\/#breadcrumb\"},\"inLanguage\":\"ru-RU\",\"potentialAction\":[{\"@type\":\"ReadAction\",\"target\":[\"https:\\\/\\\/nbg-avocats.fr\\\/les-competences\\\/\"]}]},{\"@type\":\"BreadcrumbList\",\"@id\":\"https:\\\/\\\/nbg-avocats.fr\\\/les-competences\\\/#breadcrumb\",\"itemListElement\":[{\"@type\":\"ListItem\",\"position\":1,\"name\":\"Accueil\",\"item\":\"https:\\\/\\\/nbg-avocats.fr\\\/\"},{\"@type\":\"ListItem\",\"position\":2,\"name\":\"Les comp\u00e9tences\"}]},{\"@type\":\"WebSite\",\"@id\":\"https:\\\/\\\/nbg-avocats.fr\\\/#website\",\"url\":\"https:\\\/\\\/nbg-avocats.fr\\\/\",\"name\":\"NBG-AVOCATS\",\"description\":\"\",\"publisher\":{\"@id\":\"https:\\\/\\\/nbg-avocats.fr\\\/#organization\"},\"potentialAction\":[{\"@type\":\"SearchAction\",\"target\":{\"@type\":\"EntryPoint\",\"urlTemplate\":\"https:\\\/\\\/nbg-avocats.fr\\\/?s={search_term_string}\"},\"query-input\":{\"@type\":\"PropertyValueSpecification\",\"valueRequired\":true,\"valueName\":\"search_term_string\"}}],\"inLanguage\":\"ru-RU\"},{\"@type\":\"Organization\",\"@id\":\"https:\\\/\\\/nbg-avocats.fr\\\/#organization\",\"name\":\"NBG-AVOCATS\",\"url\":\"https:\\\/\\\/nbg-avocats.fr\\\/\",\"logo\":{\"@type\":\"ImageObject\",\"inLanguage\":\"ru-RU\",\"@id\":\"https:\\\/\\\/nbg-avocats.fr\\\/#\\\/schema\\\/logo\\\/image\\\/\",\"url\":\"https:\\\/\\\/nbg-avocats.fr\\\/wp-content\\\/uploads\\\/2026\\\/01\\\/NBG-AVOCATS.png\",\"contentUrl\":\"https:\\\/\\\/nbg-avocats.fr\\\/wp-content\\\/uploads\\\/2026\\\/01\\\/NBG-AVOCATS.png\",\"width\":1024,\"height\":1024,\"caption\":\"NBG-AVOCATS\"},\"image\":{\"@id\":\"https:\\\/\\\/nbg-avocats.fr\\\/#\\\/schema\\\/logo\\\/image\\\/\"},\"sameAs\":[\"https:\\\/\\\/www.instagram.com\\\/maitre_barsegyan?igsh=YTNvbWV2Yzh6a3o1&utm_source=qr\",\"https:\\\/\\\/www.linkedin.com\\\/in\\\/naira-barsegyanjuristeinternationaldroitdesaffaires\\\/\"]}]}<\/script>\n<!-- \/ Yoast SEO plugin. -->","yoast_head_json":{"title":"Domaines d\u2019expertise | Avocat droit des affaires et immigration Paris","description":"Droit des affaires et droit de l\u2019immigration : d\u00e9couvrez les domaines d\u2019intervention du cabinet NBG Avocats \u00e0 Paris.","robots":{"index":"index","follow":"follow","max-snippet":"max-snippet:-1","max-image-preview":"max-image-preview:large","max-video-preview":"max-video-preview:-1"},"canonical":"https:\/\/nbg-avocats.fr\/ru\/les-competences\/","og_locale":"ru_RU","og_type":"article","og_title":"Domaines d\u2019expertise | Avocat droit des affaires et immigration Paris","og_description":"Droit des affaires et droit de l\u2019immigration : d\u00e9couvrez les domaines d\u2019intervention du cabinet NBG Avocats \u00e0 Paris.","og_url":"https:\/\/nbg-avocats.fr\/ru\/les-competences\/","og_site_name":"NBG-AVOCATS","article_modified_time":"2026-01-09T22:07:50+00:00","twitter_card":"summary_large_image","twitter_misc":{"\u041f\u0440\u0438\u043c\u0435\u0440\u043d\u043e\u0435 \u0432\u0440\u0435\u043c\u044f \u0434\u043b\u044f \u0447\u0442\u0435\u043d\u0438\u044f":"1 \u043c\u0438\u043d\u0443\u0442\u0430"},"schema":{"@context":"https:\/\/schema.org","@graph":[{"@type":"WebPage","@id":"https:\/\/nbg-avocats.fr\/les-competences\/","url":"https:\/\/nbg-avocats.fr\/les-competences\/","name":"Domaines d\u2019expertise | Avocat droit des affaires et immigration Paris","isPartOf":{"@id":"https:\/\/nbg-avocats.fr\/#website"},"datePublished":"2026-01-09T14:28:56+00:00","dateModified":"2026-01-09T22:07:50+00:00","description":"Droit des affaires et droit de l\u2019immigration : d\u00e9couvrez les domaines d\u2019intervention du cabinet NBG Avocats \u00e0 Paris.","breadcrumb":{"@id":"https:\/\/nbg-avocats.fr\/les-competences\/#breadcrumb"},"inLanguage":"ru-RU","potentialAction":[{"@type":"ReadAction","target":["https:\/\/nbg-avocats.fr\/les-competences\/"]}]},{"@type":"BreadcrumbList","@id":"https:\/\/nbg-avocats.fr\/les-competences\/#breadcrumb","itemListElement":[{"@type":"ListItem","position":1,"name":"Accueil","item":"https:\/\/nbg-avocats.fr\/"},{"@type":"ListItem","position":2,"name":"Les comp\u00e9tences"}]},{"@type":"WebSite","@id":"https:\/\/nbg-avocats.fr\/#website","url":"https:\/\/nbg-avocats.fr\/","name":"NBG-AVOCATS","description":"","publisher":{"@id":"https:\/\/nbg-avocats.fr\/#organization"},"potentialAction":[{"@type":"SearchAction","target":{"@type":"EntryPoint","urlTemplate":"https:\/\/nbg-avocats.fr\/?s={search_term_string}"},"query-input":{"@type":"PropertyValueSpecification","valueRequired":true,"valueName":"search_term_string"}}],"inLanguage":"ru-RU"},{"@type":"Organization","@id":"https:\/\/nbg-avocats.fr\/#organization","name":"NBG-AVOCATS","url":"https:\/\/nbg-avocats.fr\/","logo":{"@type":"ImageObject","inLanguage":"ru-RU","@id":"https:\/\/nbg-avocats.fr\/#\/schema\/logo\/image\/","url":"https:\/\/nbg-avocats.fr\/wp-content\/uploads\/2026\/01\/NBG-AVOCATS.png","contentUrl":"https:\/\/nbg-avocats.fr\/wp-content\/uploads\/2026\/01\/NBG-AVOCATS.png","width":1024,"height":1024,"caption":"NBG-AVOCATS"},"image":{"@id":"https:\/\/nbg-avocats.fr\/#\/schema\/logo\/image\/"},"sameAs":["https:\/\/www.instagram.com\/maitre_barsegyan?igsh=YTNvbWV2Yzh6a3o1&utm_source=qr","https:\/\/www.linkedin.com\/in\/naira-barsegyanjuristeinternationaldroitdesaffaires\/"]}]}},"_links":{"self":[{"href":"https:\/\/nbg-avocats.fr\/ru\/wp-json\/wp\/v2\/pages\/14","targetHints":{"allow":["GET"]}}],"collection":[{"href":"https:\/\/nbg-avocats.fr\/ru\/wp-json\/wp\/v2\/pages"}],"about":[{"href":"https:\/\/nbg-avocats.fr\/ru\/wp-json\/wp\/v2\/types\/page"}],"replies":[{"embeddable":true,"href":"https:\/\/nbg-avocats.fr\/ru\/wp-json\/wp\/v2\/comments?post=14"}],"version-history":[{"count":7,"href":"https:\/\/nbg-avocats.fr\/ru\/wp-json\/wp\/v2\/pages\/14\/revisions"}],"predecessor-version":[{"id":74,"href":"https:\/\/nbg-avocats.fr\/ru\/wp-json\/wp\/v2\/pages\/14\/revisions\/74"}],"wp:attachment":[{"href":"https:\/\/nbg-avocats.fr\/ru\/wp-json\/wp\/v2\/media?parent=14"}],"curies":[{"name":"wp","href":"https:\/\/api.w.org\/{rel}","templated":true}]}}