{"id":38,"date":"2026-01-09T19:12:53","date_gmt":"2026-01-09T18:12:53","guid":{"rendered":"https:\/\/nbg-avocats.fr\/contact\/"},"modified":"2026-01-10T01:18:03","modified_gmt":"2026-01-10T00:18:03","slug":"contact","status":"publish","type":"page","link":"https:\/\/nbg-avocats.fr\/ru\/contact\/","title":{"rendered":"\u041a\u043e\u043d\u0442\u0430\u043a\u0442\u044b"},"content":{"rendered":"<p>\u041f\u0440\u0438\u0451\u043c \u0443 \u041d\u0430\u0438\u0440\u044b \u0411\u0430\u0440\u0441\u0435\u0433\u044f\u043d \u043f\u0440\u043e\u0432\u043e\u0434\u0438\u0442\u0441\u044f \u0442\u043e\u043b\u044c\u043a\u043e \u043f\u043e \u043f\u0440\u0435\u0434\u0432\u0430\u0440\u0438\u0442\u0435\u043b\u044c\u043d\u043e\u0439 \u0437\u0430\u043f\u0438\u0441\u0438, \u0447\u0442\u043e\u0431\u044b \u043a\u0430\u0436\u0434\u0430\u044f \u0441\u0438\u0442\u0443\u0430\u0446\u0438\u044f \u043c\u043e\u0433\u043b\u0430 \u0431\u044b\u0442\u044c \u0440\u0430\u0441\u0441\u043c\u043e\u0442\u0440\u0435\u043d\u0430 \u0442\u0449\u0430\u0442\u0435\u043b\u044c\u043d\u043e \u0438 \u0441 \u0434\u043e\u043b\u0436\u043d\u044b\u043c \u0432\u043d\u0438\u043c\u0430\u043d\u0438\u0435\u043c.<\/p>\n\n\n\n<p>\u041b\u044e\u0431\u043e\u0435 \u043e\u0431\u0440\u0430\u0449\u0435\u043d\u0438\u0435 \u043f\u043e\u043c\u043e\u0433\u0430\u0435\u0442 \u0442\u043e\u0447\u043d\u043e \u043e\u043f\u0440\u0435\u0434\u0435\u043b\u0438\u0442\u044c \u0441\u0443\u0442\u044c \u0432\u0430\u0448\u0435\u0433\u043e \u0432\u043e\u043f\u0440\u043e\u0441\u0430, \u0441\u043e\u043e\u0442\u0432\u0435\u0442\u0441\u0442\u0432\u0443\u044e\u0449\u0443\u044e \u043e\u0431\u043b\u0430\u0441\u0442\u044c \u043f\u0440\u0430\u0432\u0430 \u0438 \u043d\u0430\u0438\u0431\u043e\u043b\u0435\u0435 \u043f\u043e\u0434\u0445\u043e\u0434\u044f\u0449\u0443\u044e \u0444\u043e\u0440\u043c\u0443 \u043f\u0440\u0430\u0432\u043e\u0432\u043e\u0439 \u043f\u043e\u0434\u0434\u0435\u0440\u0436\u043a\u0438. \u0412\u0441\u044f \u0438\u043d\u0444\u043e\u0440\u043c\u0430\u0446\u0438\u044f, \u043f\u043e\u043b\u0443\u0447\u0435\u043d\u043d\u0430\u044f \u0432 \u0445\u043e\u0434\u0435 \u043e\u0431\u0449\u0435\u043d\u0438\u044f, \u043e\u0441\u0442\u0430\u0451\u0442\u0441\u044f \u0441\u0442\u0440\u043e\u0433\u043e \u043a\u043e\u043d\u0444\u0438\u0434\u0435\u043d\u0446\u0438\u0430\u043b\u044c\u043d\u043e\u0439 \u0438 \u043e\u0445\u0440\u0430\u043d\u044f\u0435\u0442\u0441\u044f \u043f\u0440\u043e\u0444\u0435\u0441\u0441\u0438\u043e\u043d\u0430\u043b\u044c\u043d\u043e\u0439 \u0442\u0430\u0439\u043d\u043e\u0439.<\/p>\n\n\n\n<p>\u0412\u044b \u043c\u043e\u0436\u0435\u0442\u0435 \u0441\u0432\u044f\u0437\u0430\u0442\u044c\u0441\u044f \u0441 \u0444\u0438\u0440\u043c\u043e\u0439 \u043f\u043e \u0442\u0435\u043b\u0435\u0444\u043e\u043d\u0443 \u0438\u043b\u0438 \u044d\u043b\u0435\u043a\u0442\u0440\u043e\u043d\u043d\u043e\u0439 \u043f\u043e\u0447\u0442\u0435. \u0417\u0430\u043f\u0440\u043e\u0441\u044b \u0440\u0430\u0441\u0441\u043c\u0430\u0442\u0440\u0438\u0432\u0430\u044e\u0442\u0441\u044f \u0432 \u043a\u0440\u0430\u0442\u0447\u0430\u0439\u0448\u0438\u0435 \u0441\u0440\u043e\u043a\u0438 \u0432 \u0440\u0430\u0431\u043e\u0447\u0435\u0435 \u0432\u0440\u0435\u043c\u044f.<\/p>\n\n\n\n<hr class=\"wp-block-separator\"\/>\n\n\n\n<p><strong>\u042e\u0440\u0438\u0434\u0438\u0447\u0435\u0441\u043a\u0430\u044f \u0444\u0438\u0440\u043c\u0430 \u041d\u0430\u0438\u0440\u044b \u0411\u0430\u0440\u0441\u0435\u0433\u044f\u043d<\/strong><br>\n\u0427\u043b\u0435\u043d \u041f\u0430\u0440\u0438\u0436\u0441\u043a\u043e\u0439 \u043a\u043e\u043b\u043b\u0435\u0433\u0438\u0438 \u0430\u0434\u0432\u043e\u043a\u0430\u0442\u043e\u0432<\/p>\n\n\n\n<p><strong>\u0410\u0434\u0440\u0435\u0441<\/strong><br>\n51 \u0443\u043b\u0438\u0446\u0430 \u041c\u043e\u043b\u0438\u0442\u043e\u0440<br>\n75016 \u041f\u0430\u0440\u0438\u0436<\/p>\n\n<p><strong>\u0422\u0435\u043b\u0435\u0444\u043e\u043d<\/strong><br>\n07&nbsp;63&nbsp;34&nbsp;16&nbsp;17<\/p>\n\n\n\n\n\n\n\n\n<\/p>\n\n\n\n<p><strong>\u042d\u043b\u0435\u043a\u0442\u0440\u043e\u043d\u043d\u0430\u044f \u043f\u043e\u0447\u0442\u0430<\/strong><br>\n<a href=\"mailto:contact@nbg-avocats.fr\">contact@nbg-avocats.fr<\/a><\/p>\n\n\n\n<hr class=\"wp-block-separator\"\/>\n\n\n\n<p>\u041d\u0430 \u043f\u0440\u0438\u0432\u0435\u0434\u0451\u043d\u043d\u043e\u0439 \u043d\u0438\u0436\u0435 \u043a\u0430\u0440\u0442\u0435 \u0432\u044b \u043c\u043e\u0436\u0435\u0442\u0435 \u0443\u0432\u0438\u0434\u0435\u0442\u044c \u0440\u0430\u0441\u043f\u043e\u043b\u043e\u0436\u0435\u043d\u0438\u0435 \u043a\u0430\u0431\u0438\u043d\u0435\u0442\u0430 \u0438 \u0437\u0430\u0440\u0430\u043d\u0435\u0435 \u0441\u043f\u043b\u0430\u043d\u0438\u0440\u043e\u0432\u0430\u0442\u044c \u0441\u0432\u043e\u0439 \u0432\u0438\u0437\u0438\u0442.<\/p>\n\n\n\n<div style=\"max-width:50%; margin:0 auto;\">\n  <iframe\n    src=\"https:\/\/www.google.com\/maps?q=51%20rue%20Molitor%2075016%20Paris&#038;output=embed\"\n    width=\"100%\"\n    height=\"350\"\n    style=\"border:0;\"\n    allowfullscreen=\"\"\n    loading=\"lazy\"\n    referrerpolicy=\"no-referrer-when-downgrade\">\n  <\/iframe>\n<\/div>","protected":false},"excerpt":{"rendered":"<p>Le cabinet de Ma\u00eetre Naira Barsegyan vous re\u00e7oit exclusivement sur rendez-vous, afin de garantir un accueil attentif et un traitement rigoureux de chaque situation. Toute prise de contact permet d\u2019identifier la nature de votre demande, le domaine juridique concern\u00e9 et les modalit\u00e9s d\u2019accompagnement les plus adapt\u00e9es \u00e0 votre dossier. Les \u00e9changes sont strictement confidentiels et [&hellip;]<\/p>\n","protected":false},"author":0,"featured_media":0,"parent":0,"menu_order":0,"comment_status":"closed","ping_status":"closed","template":"","meta":{"footnotes":""},"class_list":["post-38","page","type-page","status-publish","hentry"],"blocksy_meta":[],"yoast_head":"<!-- This site is optimized with the Yoast SEO plugin v27.5 - https:\/\/yoast.com\/product\/yoast-seo-wordpress\/ -->\n<title>Contact | Cabinet d\u2019avocat NBG Avocats \u00e0 Paris<\/title>\n<meta name=\"description\" content=\"Contactez le cabinet NBG Avocats \u00e0 Paris pour une consultation en droit des affaires ou en droit de l\u2019immigration.\" \/>\n<meta name=\"robots\" content=\"index, follow, max-snippet:-1, max-image-preview:large, max-video-preview:-1\" \/>\n<link rel=\"canonical\" href=\"https:\/\/nbg-avocats.fr\/ru\/contact\/\" \/>\n<meta property=\"og:locale\" content=\"ru_RU\" \/>\n<meta property=\"og:type\" content=\"article\" \/>\n<meta property=\"og:title\" content=\"Contact | Cabinet d\u2019avocat NBG Avocats \u00e0 Paris\" \/>\n<meta property=\"og:description\" content=\"Contactez le cabinet NBG Avocats \u00e0 Paris pour une consultation en droit des affaires ou en droit de l\u2019immigration.\" \/>\n<meta property=\"og:url\" content=\"https:\/\/nbg-avocats.fr\/ru\/contact\/\" \/>\n<meta property=\"og:site_name\" content=\"NBG-AVOCATS\" \/>\n<meta property=\"article:modified_time\" content=\"2026-01-10T00:18:03+00:00\" \/>\n<meta name=\"twitter:card\" content=\"summary_large_image\" \/>\n<meta name=\"twitter:label1\" content=\"\u041f\u0440\u0438\u043c\u0435\u0440\u043d\u043e\u0435 \u0432\u0440\u0435\u043c\u044f \u0434\u043b\u044f \u0447\u0442\u0435\u043d\u0438\u044f\" \/>\n\t<meta name=\"twitter:data1\" content=\"1 \u043c\u0438\u043d\u0443\u0442\u0430\" \/>\n<script type=\"application\/ld+json\" class=\"yoast-schema-graph\">{\"@context\":\"https:\\\/\\\/schema.org\",\"@graph\":[{\"@type\":\"WebPage\",\"@id\":\"https:\\\/\\\/nbg-avocats.fr\\\/contact\\\/\",\"url\":\"https:\\\/\\\/nbg-avocats.fr\\\/contact\\\/\",\"name\":\"Contact | Cabinet d\u2019avocat NBG Avocats \u00e0 Paris\",\"isPartOf\":{\"@id\":\"https:\\\/\\\/nbg-avocats.fr\\\/#website\"},\"datePublished\":\"2026-01-09T18:12:53+00:00\",\"dateModified\":\"2026-01-10T00:18:03+00:00\",\"description\":\"Contactez le cabinet NBG Avocats \u00e0 Paris pour une consultation en droit des affaires ou en droit de l\u2019immigration.\",\"breadcrumb\":{\"@id\":\"https:\\\/\\\/nbg-avocats.fr\\\/contact\\\/#breadcrumb\"},\"inLanguage\":\"ru-RU\",\"potentialAction\":[{\"@type\":\"ReadAction\",\"target\":[\"https:\\\/\\\/nbg-avocats.fr\\\/contact\\\/\"]}]},{\"@type\":\"BreadcrumbList\",\"@id\":\"https:\\\/\\\/nbg-avocats.fr\\\/contact\\\/#breadcrumb\",\"itemListElement\":[{\"@type\":\"ListItem\",\"position\":1,\"name\":\"Accueil\",\"item\":\"https:\\\/\\\/nbg-avocats.fr\\\/\"},{\"@type\":\"ListItem\",\"position\":2,\"name\":\"Contact\"}]},{\"@type\":\"WebSite\",\"@id\":\"https:\\\/\\\/nbg-avocats.fr\\\/#website\",\"url\":\"https:\\\/\\\/nbg-avocats.fr\\\/\",\"name\":\"NBG-AVOCATS\",\"description\":\"\",\"publisher\":{\"@id\":\"https:\\\/\\\/nbg-avocats.fr\\\/#organization\"},\"potentialAction\":[{\"@type\":\"SearchAction\",\"target\":{\"@type\":\"EntryPoint\",\"urlTemplate\":\"https:\\\/\\\/nbg-avocats.fr\\\/?s={search_term_string}\"},\"query-input\":{\"@type\":\"PropertyValueSpecification\",\"valueRequired\":true,\"valueName\":\"search_term_string\"}}],\"inLanguage\":\"ru-RU\"},{\"@type\":\"Organization\",\"@id\":\"https:\\\/\\\/nbg-avocats.fr\\\/#organization\",\"name\":\"NBG-AVOCATS\",\"url\":\"https:\\\/\\\/nbg-avocats.fr\\\/\",\"logo\":{\"@type\":\"ImageObject\",\"inLanguage\":\"ru-RU\",\"@id\":\"https:\\\/\\\/nbg-avocats.fr\\\/#\\\/schema\\\/logo\\\/image\\\/\",\"url\":\"https:\\\/\\\/nbg-avocats.fr\\\/wp-content\\\/uploads\\\/2026\\\/01\\\/NBG-AVOCATS.png\",\"contentUrl\":\"https:\\\/\\\/nbg-avocats.fr\\\/wp-content\\\/uploads\\\/2026\\\/01\\\/NBG-AVOCATS.png\",\"width\":1024,\"height\":1024,\"caption\":\"NBG-AVOCATS\"},\"image\":{\"@id\":\"https:\\\/\\\/nbg-avocats.fr\\\/#\\\/schema\\\/logo\\\/image\\\/\"},\"sameAs\":[\"https:\\\/\\\/www.instagram.com\\\/maitre_barsegyan?igsh=YTNvbWV2Yzh6a3o1&utm_source=qr\",\"https:\\\/\\\/www.linkedin.com\\\/in\\\/naira-barsegyanjuristeinternationaldroitdesaffaires\\\/\"]}]}<\/script>\n<!-- \/ Yoast SEO plugin. -->","yoast_head_json":{"title":"Contact | Cabinet d\u2019avocat NBG Avocats \u00e0 Paris","description":"Contactez le cabinet NBG Avocats \u00e0 Paris pour une consultation en droit des affaires ou en droit de l\u2019immigration.","robots":{"index":"index","follow":"follow","max-snippet":"max-snippet:-1","max-image-preview":"max-image-preview:large","max-video-preview":"max-video-preview:-1"},"canonical":"https:\/\/nbg-avocats.fr\/ru\/contact\/","og_locale":"ru_RU","og_type":"article","og_title":"Contact | Cabinet d\u2019avocat NBG Avocats \u00e0 Paris","og_description":"Contactez le cabinet NBG Avocats \u00e0 Paris pour une consultation en droit des affaires ou en droit de l\u2019immigration.","og_url":"https:\/\/nbg-avocats.fr\/ru\/contact\/","og_site_name":"NBG-AVOCATS","article_modified_time":"2026-01-10T00:18:03+00:00","twitter_card":"summary_large_image","twitter_misc":{"\u041f\u0440\u0438\u043c\u0435\u0440\u043d\u043e\u0435 \u0432\u0440\u0435\u043c\u044f \u0434\u043b\u044f \u0447\u0442\u0435\u043d\u0438\u044f":"1 \u043c\u0438\u043d\u0443\u0442\u0430"},"schema":{"@context":"https:\/\/schema.org","@graph":[{"@type":"WebPage","@id":"https:\/\/nbg-avocats.fr\/contact\/","url":"https:\/\/nbg-avocats.fr\/contact\/","name":"Contact | Cabinet d\u2019avocat NBG Avocats \u00e0 Paris","isPartOf":{"@id":"https:\/\/nbg-avocats.fr\/#website"},"datePublished":"2026-01-09T18:12:53+00:00","dateModified":"2026-01-10T00:18:03+00:00","description":"Contactez le cabinet NBG Avocats \u00e0 Paris pour une consultation en droit des affaires ou en droit de l\u2019immigration.","breadcrumb":{"@id":"https:\/\/nbg-avocats.fr\/contact\/#breadcrumb"},"inLanguage":"ru-RU","potentialAction":[{"@type":"ReadAction","target":["https:\/\/nbg-avocats.fr\/contact\/"]}]},{"@type":"BreadcrumbList","@id":"https:\/\/nbg-avocats.fr\/contact\/#breadcrumb","itemListElement":[{"@type":"ListItem","position":1,"name":"Accueil","item":"https:\/\/nbg-avocats.fr\/"},{"@type":"ListItem","position":2,"name":"Contact"}]},{"@type":"WebSite","@id":"https:\/\/nbg-avocats.fr\/#website","url":"https:\/\/nbg-avocats.fr\/","name":"NBG-AVOCATS","description":"","publisher":{"@id":"https:\/\/nbg-avocats.fr\/#organization"},"potentialAction":[{"@type":"SearchAction","target":{"@type":"EntryPoint","urlTemplate":"https:\/\/nbg-avocats.fr\/?s={search_term_string}"},"query-input":{"@type":"PropertyValueSpecification","valueRequired":true,"valueName":"search_term_string"}}],"inLanguage":"ru-RU"},{"@type":"Organization","@id":"https:\/\/nbg-avocats.fr\/#organization","name":"NBG-AVOCATS","url":"https:\/\/nbg-avocats.fr\/","logo":{"@type":"ImageObject","inLanguage":"ru-RU","@id":"https:\/\/nbg-avocats.fr\/#\/schema\/logo\/image\/","url":"https:\/\/nbg-avocats.fr\/wp-content\/uploads\/2026\/01\/NBG-AVOCATS.png","contentUrl":"https:\/\/nbg-avocats.fr\/wp-content\/uploads\/2026\/01\/NBG-AVOCATS.png","width":1024,"height":1024,"caption":"NBG-AVOCATS"},"image":{"@id":"https:\/\/nbg-avocats.fr\/#\/schema\/logo\/image\/"},"sameAs":["https:\/\/www.instagram.com\/maitre_barsegyan?igsh=YTNvbWV2Yzh6a3o1&utm_source=qr","https:\/\/www.linkedin.com\/in\/naira-barsegyanjuristeinternationaldroitdesaffaires\/"]}]}},"_links":{"self":[{"href":"https:\/\/nbg-avocats.fr\/ru\/wp-json\/wp\/v2\/pages\/38","targetHints":{"allow":["GET"]}}],"collection":[{"href":"https:\/\/nbg-avocats.fr\/ru\/wp-json\/wp\/v2\/pages"}],"about":[{"href":"https:\/\/nbg-avocats.fr\/ru\/wp-json\/wp\/v2\/types\/page"}],"replies":[{"embeddable":true,"href":"https:\/\/nbg-avocats.fr\/ru\/wp-json\/wp\/v2\/comments?post=38"}],"version-history":[{"count":10,"href":"https:\/\/nbg-avocats.fr\/ru\/wp-json\/wp\/v2\/pages\/38\/revisions"}],"predecessor-version":[{"id":85,"href":"https:\/\/nbg-avocats.fr\/ru\/wp-json\/wp\/v2\/pages\/38\/revisions\/85"}],"wp:attachment":[{"href":"https:\/\/nbg-avocats.fr\/ru\/wp-json\/wp\/v2\/media?parent=38"}],"curies":[{"name":"wp","href":"https:\/\/api.w.org\/{rel}","templated":true}]}}