{"id":68,"date":"2026-01-09T22:53:09","date_gmt":"2026-01-09T21:53:09","guid":{"rendered":"https:\/\/nbg-avocats.fr\/a-propos-de-maitre-naira-barsegyan\/"},"modified":"2026-01-09T23:05:34","modified_gmt":"2026-01-09T22:05:34","slug":"a-propos-de-maitre-naira-barsegyan","status":"publish","type":"page","link":"https:\/\/nbg-avocats.fr\/ru\/a-propos-de-maitre-naira-barsegyan\/","title":{"rendered":"\u041e \u041d\u0430\u0438\u0440\u0435 \u0411\u0430\u0440\u0441\u0435\u0433\u044f\u043d"},"content":{"rendered":"<p>\n  <img decoding=\"async\" src=\"\/wp-content\/uploads\/2026\/01\/A-propos.jpeg\"\n       alt=\"Ma\u00eetre Naira Barsegyan \u2013 Avocate au Barreau de Paris\"\n       style=\"max-width:220px;height:auto;margin-bottom:1.5rem;\" \/>\n<\/p>\n<p>\u0410\u0434\u0432\u043e\u043a\u0430\u0442, \u0440\u0430\u0431\u043e\u0442\u0430\u044e\u0449\u0430\u044f \u0432 \u0441\u0444\u0435\u0440\u0435 \u043f\u0440\u0435\u0434\u043f\u0440\u0438\u043d\u0438\u043c\u0430\u0442\u0435\u043b\u044c\u0441\u043a\u043e\u0433\u043e \u0438 \u0438\u043c\u043c\u0438\u0433\u0440\u0430\u0446\u0438\u043e\u043d\u043d\u043e\u0433\u043e \u043f\u0440\u0430\u0432\u0430, \u041d\u0430\u0438\u0440\u0430 \u0411\u0430\u0440\u0441\u0435\u0433\u044f\u043d \u0438\u043c\u0435\u0435\u0442 \u0431\u043e\u043b\u0435\u0435 15 \u043b\u0435\u0442 \u043e\u043f\u044b\u0442\u0430 \u0440\u0430\u0431\u043e\u0442\u044b \u0441 \u043c\u0430\u043b\u044b\u043c \u0438 \u0441\u0440\u0435\u0434\u043d\u0438\u043c \u0431\u0438\u0437\u043d\u0435\u0441\u043e\u043c, \u043a\u0440\u0443\u043f\u043d\u044b\u043c\u0438 \u043a\u043e\u043c\u043f\u0430\u043d\u0438\u044f\u043c\u0438 \u0438 \u0447\u0430\u0441\u0442\u043d\u044b\u043c\u0438 \u043b\u0438\u0446\u0430\u043c\u0438. \u041e\u043d\u0430 \u043a\u043e\u043d\u0441\u0443\u043b\u044c\u0442\u0438\u0440\u0443\u0435\u0442 \u0438 \u0441\u043e\u043f\u0440\u043e\u0432\u043e\u0436\u0434\u0430\u0435\u0442 \u043f\u043e \u0432\u0441\u0435\u043c \u044e\u0440\u0438\u0434\u0438\u0447\u0435\u0441\u043a\u0438\u043c \u0432\u043e\u043f\u0440\u043e\u0441\u0430\u043c, \u0441\u0432\u044f\u0437\u0430\u043d\u043d\u044b\u043c \u0441 \u0441\u043e\u0437\u0434\u0430\u043d\u0438\u0435\u043c \u0438 \u0440\u0430\u0437\u0432\u0438\u0442\u0438\u0435\u043c \u043a\u043e\u043c\u043f\u0430\u043d\u0438\u0438 \u0432\u043e \u0424\u0440\u0430\u043d\u0446\u0438\u0438, \u0430 \u0442\u0430\u043a\u0436\u0435 \u043f\u0440\u0435\u0434\u0441\u0442\u0430\u0432\u043b\u044f\u0435\u0442 \u0438\u043d\u0442\u0435\u0440\u0435\u0441\u044b \u043a\u043b\u0438\u0435\u043d\u0442\u043e\u0432 \u0432 \u0441\u0443\u0434\u0430\u0445.<\/p>\n<p>\u041e\u043d\u0430 \u0442\u0430\u043a\u0436\u0435 \u043e\u043a\u0430\u0437\u044b\u0432\u0430\u0435\u0442 \u0441\u0432\u043e\u0438\u043c \u043a\u043b\u0438\u0435\u043d\u0442\u0430\u043c \u0441\u043e\u0434\u0435\u0439\u0441\u0442\u0432\u0438\u0435 \u0432 \u0432\u044b\u043f\u043e\u043b\u043d\u0435\u043d\u0438\u0438 \u0432\u0441\u0435\u0445 \u043d\u0435\u043e\u0431\u0445\u043e\u0434\u0438\u043c\u044b\u0445 \u043f\u0440\u043e\u0446\u0435\u0434\u0443\u0440 \u0434\u043b\u044f \u0438\u0445 \u043b\u0435\u0433\u0430\u043b\u0438\u0437\u0430\u0446\u0438\u0438 \u0432\u043e \u0424\u0440\u0430\u043d\u0446\u0438\u0438.<\/p>\n<p>\u0412\u044b\u043f\u0443\u0441\u043a\u043d\u0438\u0446\u0430 \u0423\u043d\u0438\u0432\u0435\u0440\u0441\u0438\u0442\u0435\u0442\u0430 \u041f\u0430\u043d\u0442\u0435\u043e\u043d-\u0410\u0441\u0441\u0430\u0441, \u043e\u043d\u0430 \u0440\u0430\u0431\u043e\u0442\u0430\u043b\u0430 \u0432 \u043a\u0440\u0443\u043f\u043d\u044b\u0445 \u0430\u0434\u0432\u043e\u043a\u0430\u0442\u0441\u043a\u0438\u0445 \u0444\u0438\u0440\u043c\u0430\u0445, \u043f\u0440\u0435\u0436\u0434\u0435 \u0447\u0435\u043c \u0441\u043e\u0437\u0434\u0430\u0442\u044c \u0441\u043e\u0431\u0441\u0442\u0432\u0435\u043d\u043d\u0443\u044e \u043f\u0440\u0430\u043a\u0442\u0438\u043a\u0443, \u043e\u0441\u043d\u043e\u0432\u0430\u043d\u043d\u0443\u044e \u043d\u0430 \u0438\u043d\u0434\u0438\u0432\u0438\u0434\u0443\u0430\u043b\u044c\u043d\u043e\u043c \u0441\u043e\u043f\u0440\u043e\u0432\u043e\u0436\u0434\u0435\u043d\u0438\u0438 \u043a\u043b\u0438\u0435\u043d\u0442\u043e\u0432, \u0441\u043e\u0447\u0435\u0442\u0430\u044e\u0449\u0435\u043c \u0431\u043b\u0438\u0437\u043e\u0441\u0442\u044c, \u0434\u043e\u0441\u0442\u0443\u043f\u043d\u043e\u0441\u0442\u044c \u0438 \u043e\u043f\u0435\u0440\u0430\u0442\u0438\u0432\u043d\u043e\u0441\u0442\u044c.<\/p>\n<p>\u041a\u0430\u0431\u0438\u043d\u0435\u0442 \u043e\u043a\u0430\u0437\u044b\u0432\u0430\u0435\u0442 \u044e\u0440\u0438\u0434\u0438\u0447\u0435\u0441\u043a\u0443\u044e \u043f\u043e\u043c\u043e\u0449\u044c \u043d\u0430 \u0444\u0440\u0430\u043d\u0446\u0443\u0437\u0441\u043a\u043e\u043c, \u0430\u043d\u0433\u043b\u0438\u0439\u0441\u043a\u043e\u043c, \u0440\u0443\u0441\u0441\u043a\u043e\u043c \u0438 \u0430\u0440\u043c\u044f\u043d\u0441\u043a\u043e\u043c \u044f\u0437\u044b\u043a\u0430\u0445.<\/p>","protected":false},"excerpt":{"rendered":"<p>Avocate intervenant en droit des affaires internationales et en droit des \u00e9trangers, Ma\u00eetre Naira Barsegyan met plus de 15 ans d\u2019exp\u00e9rience au service des PME, des grands groupes et des particuliers. Elle conseille et accompagne ses clients dans la s\u00e9curisation de leurs activit\u00e9s et la r\u00e9solution de litiges. Elle aide \u00e9galement ses clients \u00e0 accomplir [&hellip;]<\/p>\n","protected":false},"author":0,"featured_media":0,"parent":0,"menu_order":0,"comment_status":"closed","ping_status":"closed","template":"","meta":{"footnotes":""},"class_list":["post-68","page","type-page","status-publish","hentry"],"blocksy_meta":[],"yoast_head":"<!-- This site is optimized with the Yoast SEO plugin v27.5 - https:\/\/yoast.com\/product\/yoast-seo-wordpress\/ -->\n<title>Ma\u00eetre Naira Barsegyan | Avocate au Barreau de Paris<\/title>\n<meta name=\"description\" content=\"Parcours, valeurs et engagements de Ma\u00eetre Naira Barsegyan, avocate au Barreau de Paris, fondatrice du cabinet NBG Avocats.\" \/>\n<meta name=\"robots\" content=\"index, follow, max-snippet:-1, max-image-preview:large, max-video-preview:-1\" \/>\n<link rel=\"canonical\" href=\"https:\/\/nbg-avocats.fr\/ru\/a-propos-de-maitre-naira-barsegyan\/\" \/>\n<meta property=\"og:locale\" content=\"ru_RU\" \/>\n<meta property=\"og:type\" content=\"article\" \/>\n<meta property=\"og:title\" content=\"Ma\u00eetre Naira Barsegyan | Avocate au Barreau de Paris\" \/>\n<meta property=\"og:description\" content=\"Parcours, valeurs et engagements de Ma\u00eetre Naira Barsegyan, avocate au Barreau de Paris, fondatrice du cabinet NBG Avocats.\" \/>\n<meta property=\"og:url\" content=\"https:\/\/nbg-avocats.fr\/ru\/a-propos-de-maitre-naira-barsegyan\/\" \/>\n<meta property=\"og:site_name\" content=\"NBG-AVOCATS\" \/>\n<meta property=\"article:modified_time\" content=\"2026-01-09T22:05:34+00:00\" \/>\n<meta name=\"twitter:card\" content=\"summary_large_image\" \/>\n<meta name=\"twitter:label1\" content=\"\u041f\u0440\u0438\u043c\u0435\u0440\u043d\u043e\u0435 \u0432\u0440\u0435\u043c\u044f \u0434\u043b\u044f \u0447\u0442\u0435\u043d\u0438\u044f\" \/>\n\t<meta name=\"twitter:data1\" content=\"1 \u043c\u0438\u043d\u0443\u0442\u0430\" \/>\n<script type=\"application\/ld+json\" class=\"yoast-schema-graph\">{\"@context\":\"https:\\\/\\\/schema.org\",\"@graph\":[{\"@type\":\"WebPage\",\"@id\":\"https:\\\/\\\/nbg-avocats.fr\\\/a-propos-de-maitre-naira-barsegyan\\\/\",\"url\":\"https:\\\/\\\/nbg-avocats.fr\\\/a-propos-de-maitre-naira-barsegyan\\\/\",\"name\":\"Ma\u00eetre Naira Barsegyan | Avocate au Barreau de Paris\",\"isPartOf\":{\"@id\":\"https:\\\/\\\/nbg-avocats.fr\\\/#website\"},\"datePublished\":\"2026-01-09T21:53:09+00:00\",\"dateModified\":\"2026-01-09T22:05:34+00:00\",\"description\":\"Parcours, valeurs et engagements de Ma\u00eetre Naira Barsegyan, avocate au Barreau de Paris, fondatrice du cabinet NBG Avocats.\",\"breadcrumb\":{\"@id\":\"https:\\\/\\\/nbg-avocats.fr\\\/a-propos-de-maitre-naira-barsegyan\\\/#breadcrumb\"},\"inLanguage\":\"ru-RU\",\"potentialAction\":[{\"@type\":\"ReadAction\",\"target\":[\"https:\\\/\\\/nbg-avocats.fr\\\/a-propos-de-maitre-naira-barsegyan\\\/\"]}]},{\"@type\":\"BreadcrumbList\",\"@id\":\"https:\\\/\\\/nbg-avocats.fr\\\/a-propos-de-maitre-naira-barsegyan\\\/#breadcrumb\",\"itemListElement\":[{\"@type\":\"ListItem\",\"position\":1,\"name\":\"Accueil\",\"item\":\"https:\\\/\\\/nbg-avocats.fr\\\/\"},{\"@type\":\"ListItem\",\"position\":2,\"name\":\"\u00c0 propos de Ma\u00eetre Naira Barsegyan\"}]},{\"@type\":\"WebSite\",\"@id\":\"https:\\\/\\\/nbg-avocats.fr\\\/#website\",\"url\":\"https:\\\/\\\/nbg-avocats.fr\\\/\",\"name\":\"NBG-AVOCATS\",\"description\":\"\",\"publisher\":{\"@id\":\"https:\\\/\\\/nbg-avocats.fr\\\/#organization\"},\"potentialAction\":[{\"@type\":\"SearchAction\",\"target\":{\"@type\":\"EntryPoint\",\"urlTemplate\":\"https:\\\/\\\/nbg-avocats.fr\\\/?s={search_term_string}\"},\"query-input\":{\"@type\":\"PropertyValueSpecification\",\"valueRequired\":true,\"valueName\":\"search_term_string\"}}],\"inLanguage\":\"ru-RU\"},{\"@type\":\"Organization\",\"@id\":\"https:\\\/\\\/nbg-avocats.fr\\\/#organization\",\"name\":\"NBG-AVOCATS\",\"url\":\"https:\\\/\\\/nbg-avocats.fr\\\/\",\"logo\":{\"@type\":\"ImageObject\",\"inLanguage\":\"ru-RU\",\"@id\":\"https:\\\/\\\/nbg-avocats.fr\\\/#\\\/schema\\\/logo\\\/image\\\/\",\"url\":\"https:\\\/\\\/nbg-avocats.fr\\\/wp-content\\\/uploads\\\/2026\\\/01\\\/NBG-AVOCATS.png\",\"contentUrl\":\"https:\\\/\\\/nbg-avocats.fr\\\/wp-content\\\/uploads\\\/2026\\\/01\\\/NBG-AVOCATS.png\",\"width\":1024,\"height\":1024,\"caption\":\"NBG-AVOCATS\"},\"image\":{\"@id\":\"https:\\\/\\\/nbg-avocats.fr\\\/#\\\/schema\\\/logo\\\/image\\\/\"},\"sameAs\":[\"https:\\\/\\\/www.instagram.com\\\/maitre_barsegyan?igsh=YTNvbWV2Yzh6a3o1&utm_source=qr\",\"https:\\\/\\\/www.linkedin.com\\\/in\\\/naira-barsegyanjuristeinternationaldroitdesaffaires\\\/\"]}]}<\/script>\n<!-- \/ Yoast SEO plugin. -->","yoast_head_json":{"title":"Ma\u00eetre Naira Barsegyan | Avocate au Barreau de Paris","description":"Parcours, valeurs et engagements de Ma\u00eetre Naira Barsegyan, avocate au Barreau de Paris, fondatrice du cabinet NBG Avocats.","robots":{"index":"index","follow":"follow","max-snippet":"max-snippet:-1","max-image-preview":"max-image-preview:large","max-video-preview":"max-video-preview:-1"},"canonical":"https:\/\/nbg-avocats.fr\/ru\/a-propos-de-maitre-naira-barsegyan\/","og_locale":"ru_RU","og_type":"article","og_title":"Ma\u00eetre Naira Barsegyan | Avocate au Barreau de Paris","og_description":"Parcours, valeurs et engagements de Ma\u00eetre Naira Barsegyan, avocate au Barreau de Paris, fondatrice du cabinet NBG Avocats.","og_url":"https:\/\/nbg-avocats.fr\/ru\/a-propos-de-maitre-naira-barsegyan\/","og_site_name":"NBG-AVOCATS","article_modified_time":"2026-01-09T22:05:34+00:00","twitter_card":"summary_large_image","twitter_misc":{"\u041f\u0440\u0438\u043c\u0435\u0440\u043d\u043e\u0435 \u0432\u0440\u0435\u043c\u044f \u0434\u043b\u044f \u0447\u0442\u0435\u043d\u0438\u044f":"1 \u043c\u0438\u043d\u0443\u0442\u0430"},"schema":{"@context":"https:\/\/schema.org","@graph":[{"@type":"WebPage","@id":"https:\/\/nbg-avocats.fr\/a-propos-de-maitre-naira-barsegyan\/","url":"https:\/\/nbg-avocats.fr\/a-propos-de-maitre-naira-barsegyan\/","name":"Ma\u00eetre Naira Barsegyan | Avocate au Barreau de Paris","isPartOf":{"@id":"https:\/\/nbg-avocats.fr\/#website"},"datePublished":"2026-01-09T21:53:09+00:00","dateModified":"2026-01-09T22:05:34+00:00","description":"Parcours, valeurs et engagements de Ma\u00eetre Naira Barsegyan, avocate au Barreau de Paris, fondatrice du cabinet NBG Avocats.","breadcrumb":{"@id":"https:\/\/nbg-avocats.fr\/a-propos-de-maitre-naira-barsegyan\/#breadcrumb"},"inLanguage":"ru-RU","potentialAction":[{"@type":"ReadAction","target":["https:\/\/nbg-avocats.fr\/a-propos-de-maitre-naira-barsegyan\/"]}]},{"@type":"BreadcrumbList","@id":"https:\/\/nbg-avocats.fr\/a-propos-de-maitre-naira-barsegyan\/#breadcrumb","itemListElement":[{"@type":"ListItem","position":1,"name":"Accueil","item":"https:\/\/nbg-avocats.fr\/"},{"@type":"ListItem","position":2,"name":"\u00c0 propos de Ma\u00eetre Naira Barsegyan"}]},{"@type":"WebSite","@id":"https:\/\/nbg-avocats.fr\/#website","url":"https:\/\/nbg-avocats.fr\/","name":"NBG-AVOCATS","description":"","publisher":{"@id":"https:\/\/nbg-avocats.fr\/#organization"},"potentialAction":[{"@type":"SearchAction","target":{"@type":"EntryPoint","urlTemplate":"https:\/\/nbg-avocats.fr\/?s={search_term_string}"},"query-input":{"@type":"PropertyValueSpecification","valueRequired":true,"valueName":"search_term_string"}}],"inLanguage":"ru-RU"},{"@type":"Organization","@id":"https:\/\/nbg-avocats.fr\/#organization","name":"NBG-AVOCATS","url":"https:\/\/nbg-avocats.fr\/","logo":{"@type":"ImageObject","inLanguage":"ru-RU","@id":"https:\/\/nbg-avocats.fr\/#\/schema\/logo\/image\/","url":"https:\/\/nbg-avocats.fr\/wp-content\/uploads\/2026\/01\/NBG-AVOCATS.png","contentUrl":"https:\/\/nbg-avocats.fr\/wp-content\/uploads\/2026\/01\/NBG-AVOCATS.png","width":1024,"height":1024,"caption":"NBG-AVOCATS"},"image":{"@id":"https:\/\/nbg-avocats.fr\/#\/schema\/logo\/image\/"},"sameAs":["https:\/\/www.instagram.com\/maitre_barsegyan?igsh=YTNvbWV2Yzh6a3o1&utm_source=qr","https:\/\/www.linkedin.com\/in\/naira-barsegyanjuristeinternationaldroitdesaffaires\/"]}]}},"_links":{"self":[{"href":"https:\/\/nbg-avocats.fr\/ru\/wp-json\/wp\/v2\/pages\/68","targetHints":{"allow":["GET"]}}],"collection":[{"href":"https:\/\/nbg-avocats.fr\/ru\/wp-json\/wp\/v2\/pages"}],"about":[{"href":"https:\/\/nbg-avocats.fr\/ru\/wp-json\/wp\/v2\/types\/page"}],"replies":[{"embeddable":true,"href":"https:\/\/nbg-avocats.fr\/ru\/wp-json\/wp\/v2\/comments?post=68"}],"version-history":[{"count":3,"href":"https:\/\/nbg-avocats.fr\/ru\/wp-json\/wp\/v2\/pages\/68\/revisions"}],"predecessor-version":[{"id":73,"href":"https:\/\/nbg-avocats.fr\/ru\/wp-json\/wp\/v2\/pages\/68\/revisions\/73"}],"wp:attachment":[{"href":"https:\/\/nbg-avocats.fr\/ru\/wp-json\/wp\/v2\/media?parent=68"}],"curies":[{"name":"wp","href":"https:\/\/api.w.org\/{rel}","templated":true}]}}