{"id":75,"date":"2026-01-09T23:28:52","date_gmt":"2026-01-09T22:28:52","guid":{"rendered":"https:\/\/nbg-avocats.fr\/mentions-legales\/"},"modified":"2026-01-09T23:28:52","modified_gmt":"2026-01-09T22:28:52","slug":"mentions-legales","status":"publish","type":"page","link":"https:\/\/nbg-avocats.fr\/ru\/mentions-legales\/","title":{"rendered":"\u042e\u0440\u0438\u0434\u0438\u0447\u0435\u0441\u043a\u0430\u044f \u0438\u043d\u0444\u043e\u0440\u043c\u0430\u0446\u0438\u044f"},"content":{"rendered":"<p><strong>\u00c9diteur du site<\/strong><\/p>\n<p>Le pr\u00e9sent site est \u00e9dit\u00e9 par :<\/p>\n<p>\n\u0410\u0434\u0432\u043e\u043a\u0430\u0442 \u041d\u0430\u0438\u0440\u0430 \u0411\u0430\u0440\u0441\u0435\u0433\u044f\u043d<br \/>\n\u0427\u043b\u0435\u043d \u041f\u0430\u0440\u0438\u0436\u0441\u043a\u043e\u0439 \u043a\u043e\u043b\u043b\u0435\u0433\u0438\u0438 \u0430\u0434\u0432\u043e\u043a\u0430\u0442\u043e\u0432<br \/>\nCabinet d\u2019avocat<br \/>\nFrance\n<\/p>\n<p><strong>Directeur de la publication<\/strong><\/p>\n<p>Ma\u00eetre Naira Barsegyan.<\/p>\n<p><strong>H\u00e9bergement<\/strong><\/p>\n<p>\nLe site est h\u00e9berg\u00e9 par :<br \/>\nHostinger International Ltd<br \/>\n61 Lordou Vironos Street<br \/>\n6023 Larnaca \u2013 Chypre\n<\/p>\n<p><strong>Propri\u00e9t\u00e9 intellectuelle<\/strong><\/p>\n<p>L\u2019ensemble des contenus pr\u00e9sents sur ce site (textes, images, photographies, logos, \u00e9l\u00e9ments graphiques, structure g\u00e9n\u00e9rale) est prot\u00e9g\u00e9 par le droit de la propri\u00e9t\u00e9 intellectuelle et est la propri\u00e9t\u00e9 exclusive de Ma\u00eetre Naira Barsegyan, sauf mentions contraires.<\/p>\n<p>Toute reproduction, repr\u00e9sentation, modification, publication ou adaptation, totale ou partielle, de ces \u00e9l\u00e9ments, quel que soit le moyen ou le proc\u00e9d\u00e9 utilis\u00e9, est interdite sans autorisation \u00e9crite pr\u00e9alable.<\/p>\n<p><strong>Donn\u00e9es personnelles<\/strong><\/p>\n<p>Les informations susceptibles d\u2019\u00eatre collect\u00e9es via les formulaires pr\u00e9sents sur ce site sont destin\u00e9es exclusivement au traitement des demandes des utilisateurs. Elles ne sont ni vendues, ni c\u00e9d\u00e9es \u00e0 des tiers.<\/p>\n<p>Conform\u00e9ment au R\u00e8glement (UE) 2016\/679 (RGPD) et \u00e0 la loi Informatique et Libert\u00e9s, toute personne dispose d\u2019un droit d\u2019acc\u00e8s, de rectification, d\u2019effacement et de limitation du traitement des donn\u00e9es la concernant. Ces droits peuvent \u00eatre exerc\u00e9s en contactant le cabinet.<\/p>\n<p><strong>Responsabilit\u00e9<\/strong><\/p>\n<p>Les informations diffus\u00e9es sur ce site sont fournies \u00e0 titre informatif. Elles ne constituent en aucun cas un conseil juridique personnalis\u00e9 et ne sauraient engager la responsabilit\u00e9 du cabinet.<\/p>\n<p><strong>\u041a\u043e\u043d\u0442\u0430\u043a\u0442\u044b<\/strong><\/p>\n<p>Pour toute question relative aux pr\u00e9sentes mentions l\u00e9gales, vous pouvez contacter le cabinet via la page Contact.<\/p>","protected":false},"excerpt":{"rendered":"<p>\u00c9diteur du site Le pr\u00e9sent site est \u00e9dit\u00e9 par : Ma\u00eetre Naira Barsegyan Avocate au Barreau de Paris Cabinet d\u2019avocat France Directeur de la publication Ma\u00eetre Naira Barsegyan. H\u00e9bergement Le site est h\u00e9berg\u00e9 par : Hostinger International Ltd 61 Lordou Vironos Street 6023 Larnaca \u2013 Chypre Propri\u00e9t\u00e9 intellectuelle L\u2019ensemble des contenus pr\u00e9sents sur ce site [&hellip;]<\/p>\n","protected":false},"author":0,"featured_media":0,"parent":0,"menu_order":0,"comment_status":"closed","ping_status":"closed","template":"","meta":{"footnotes":""},"class_list":["post-75","page","type-page","status-publish","hentry"],"blocksy_meta":[],"yoast_head":"<!-- This site is optimized with the Yoast SEO plugin v27.5 - https:\/\/yoast.com\/product\/yoast-seo-wordpress\/ -->\n<title>Mentions l\u00e9gales - NBG-AVOCATS<\/title>\n<meta name=\"description\" content=\"Mentions l\u00e9gales du site du cabinet NBG Avocats, avocate au Barreau de Paris.\" \/>\n<meta name=\"robots\" content=\"index, follow, max-snippet:-1, max-image-preview:large, max-video-preview:-1\" \/>\n<link rel=\"canonical\" href=\"https:\/\/nbg-avocats.fr\/ru\/mentions-legales\/\" \/>\n<meta property=\"og:locale\" content=\"ru_RU\" \/>\n<meta property=\"og:type\" content=\"article\" \/>\n<meta property=\"og:title\" content=\"Mentions l\u00e9gales - NBG-AVOCATS\" \/>\n<meta property=\"og:description\" content=\"Mentions l\u00e9gales du site du cabinet NBG Avocats, avocate au Barreau de Paris.\" \/>\n<meta property=\"og:url\" content=\"https:\/\/nbg-avocats.fr\/ru\/mentions-legales\/\" \/>\n<meta property=\"og:site_name\" content=\"NBG-AVOCATS\" \/>\n<meta name=\"twitter:card\" content=\"summary_large_image\" \/>\n<meta name=\"twitter:label1\" content=\"\u041f\u0440\u0438\u043c\u0435\u0440\u043d\u043e\u0435 \u0432\u0440\u0435\u043c\u044f \u0434\u043b\u044f \u0447\u0442\u0435\u043d\u0438\u044f\" \/>\n\t<meta name=\"twitter:data1\" content=\"1 \u043c\u0438\u043d\u0443\u0442\u0430\" \/>\n<script type=\"application\/ld+json\" class=\"yoast-schema-graph\">{\"@context\":\"https:\\\/\\\/schema.org\",\"@graph\":[{\"@type\":\"WebPage\",\"@id\":\"https:\\\/\\\/nbg-avocats.fr\\\/mentions-legales\\\/\",\"url\":\"https:\\\/\\\/nbg-avocats.fr\\\/mentions-legales\\\/\",\"name\":\"Mentions l\u00e9gales - NBG-AVOCATS\",\"isPartOf\":{\"@id\":\"https:\\\/\\\/nbg-avocats.fr\\\/#website\"},\"datePublished\":\"2026-01-09T22:28:52+00:00\",\"description\":\"Mentions l\u00e9gales du site du cabinet NBG Avocats, avocate au Barreau de Paris.\",\"breadcrumb\":{\"@id\":\"https:\\\/\\\/nbg-avocats.fr\\\/mentions-legales\\\/#breadcrumb\"},\"inLanguage\":\"ru-RU\",\"potentialAction\":[{\"@type\":\"ReadAction\",\"target\":[\"https:\\\/\\\/nbg-avocats.fr\\\/mentions-legales\\\/\"]}]},{\"@type\":\"BreadcrumbList\",\"@id\":\"https:\\\/\\\/nbg-avocats.fr\\\/mentions-legales\\\/#breadcrumb\",\"itemListElement\":[{\"@type\":\"ListItem\",\"position\":1,\"name\":\"Accueil\",\"item\":\"https:\\\/\\\/nbg-avocats.fr\\\/\"},{\"@type\":\"ListItem\",\"position\":2,\"name\":\"Mentions l\u00e9gales\"}]},{\"@type\":\"WebSite\",\"@id\":\"https:\\\/\\\/nbg-avocats.fr\\\/#website\",\"url\":\"https:\\\/\\\/nbg-avocats.fr\\\/\",\"name\":\"NBG-AVOCATS\",\"description\":\"\",\"publisher\":{\"@id\":\"https:\\\/\\\/nbg-avocats.fr\\\/#organization\"},\"potentialAction\":[{\"@type\":\"SearchAction\",\"target\":{\"@type\":\"EntryPoint\",\"urlTemplate\":\"https:\\\/\\\/nbg-avocats.fr\\\/?s={search_term_string}\"},\"query-input\":{\"@type\":\"PropertyValueSpecification\",\"valueRequired\":true,\"valueName\":\"search_term_string\"}}],\"inLanguage\":\"ru-RU\"},{\"@type\":\"Organization\",\"@id\":\"https:\\\/\\\/nbg-avocats.fr\\\/#organization\",\"name\":\"NBG-AVOCATS\",\"url\":\"https:\\\/\\\/nbg-avocats.fr\\\/\",\"logo\":{\"@type\":\"ImageObject\",\"inLanguage\":\"ru-RU\",\"@id\":\"https:\\\/\\\/nbg-avocats.fr\\\/#\\\/schema\\\/logo\\\/image\\\/\",\"url\":\"https:\\\/\\\/nbg-avocats.fr\\\/wp-content\\\/uploads\\\/2026\\\/01\\\/NBG-AVOCATS.png\",\"contentUrl\":\"https:\\\/\\\/nbg-avocats.fr\\\/wp-content\\\/uploads\\\/2026\\\/01\\\/NBG-AVOCATS.png\",\"width\":1024,\"height\":1024,\"caption\":\"NBG-AVOCATS\"},\"image\":{\"@id\":\"https:\\\/\\\/nbg-avocats.fr\\\/#\\\/schema\\\/logo\\\/image\\\/\"},\"sameAs\":[\"https:\\\/\\\/www.instagram.com\\\/maitre_barsegyan?igsh=YTNvbWV2Yzh6a3o1&utm_source=qr\",\"https:\\\/\\\/www.linkedin.com\\\/in\\\/naira-barsegyanjuristeinternationaldroitdesaffaires\\\/\"]}]}<\/script>\n<!-- \/ Yoast SEO plugin. -->","yoast_head_json":{"title":"Mentions l\u00e9gales - NBG-AVOCATS","description":"Mentions l\u00e9gales du site du cabinet NBG Avocats, avocate au Barreau de Paris.","robots":{"index":"index","follow":"follow","max-snippet":"max-snippet:-1","max-image-preview":"max-image-preview:large","max-video-preview":"max-video-preview:-1"},"canonical":"https:\/\/nbg-avocats.fr\/ru\/mentions-legales\/","og_locale":"ru_RU","og_type":"article","og_title":"Mentions l\u00e9gales - NBG-AVOCATS","og_description":"Mentions l\u00e9gales du site du cabinet NBG Avocats, avocate au Barreau de Paris.","og_url":"https:\/\/nbg-avocats.fr\/ru\/mentions-legales\/","og_site_name":"NBG-AVOCATS","twitter_card":"summary_large_image","twitter_misc":{"\u041f\u0440\u0438\u043c\u0435\u0440\u043d\u043e\u0435 \u0432\u0440\u0435\u043c\u044f \u0434\u043b\u044f \u0447\u0442\u0435\u043d\u0438\u044f":"1 \u043c\u0438\u043d\u0443\u0442\u0430"},"schema":{"@context":"https:\/\/schema.org","@graph":[{"@type":"WebPage","@id":"https:\/\/nbg-avocats.fr\/mentions-legales\/","url":"https:\/\/nbg-avocats.fr\/mentions-legales\/","name":"Mentions l\u00e9gales - NBG-AVOCATS","isPartOf":{"@id":"https:\/\/nbg-avocats.fr\/#website"},"datePublished":"2026-01-09T22:28:52+00:00","description":"Mentions l\u00e9gales du site du cabinet NBG Avocats, avocate au Barreau de Paris.","breadcrumb":{"@id":"https:\/\/nbg-avocats.fr\/mentions-legales\/#breadcrumb"},"inLanguage":"ru-RU","potentialAction":[{"@type":"ReadAction","target":["https:\/\/nbg-avocats.fr\/mentions-legales\/"]}]},{"@type":"BreadcrumbList","@id":"https:\/\/nbg-avocats.fr\/mentions-legales\/#breadcrumb","itemListElement":[{"@type":"ListItem","position":1,"name":"Accueil","item":"https:\/\/nbg-avocats.fr\/"},{"@type":"ListItem","position":2,"name":"Mentions l\u00e9gales"}]},{"@type":"WebSite","@id":"https:\/\/nbg-avocats.fr\/#website","url":"https:\/\/nbg-avocats.fr\/","name":"NBG-AVOCATS","description":"","publisher":{"@id":"https:\/\/nbg-avocats.fr\/#organization"},"potentialAction":[{"@type":"SearchAction","target":{"@type":"EntryPoint","urlTemplate":"https:\/\/nbg-avocats.fr\/?s={search_term_string}"},"query-input":{"@type":"PropertyValueSpecification","valueRequired":true,"valueName":"search_term_string"}}],"inLanguage":"ru-RU"},{"@type":"Organization","@id":"https:\/\/nbg-avocats.fr\/#organization","name":"NBG-AVOCATS","url":"https:\/\/nbg-avocats.fr\/","logo":{"@type":"ImageObject","inLanguage":"ru-RU","@id":"https:\/\/nbg-avocats.fr\/#\/schema\/logo\/image\/","url":"https:\/\/nbg-avocats.fr\/wp-content\/uploads\/2026\/01\/NBG-AVOCATS.png","contentUrl":"https:\/\/nbg-avocats.fr\/wp-content\/uploads\/2026\/01\/NBG-AVOCATS.png","width":1024,"height":1024,"caption":"NBG-AVOCATS"},"image":{"@id":"https:\/\/nbg-avocats.fr\/#\/schema\/logo\/image\/"},"sameAs":["https:\/\/www.instagram.com\/maitre_barsegyan?igsh=YTNvbWV2Yzh6a3o1&utm_source=qr","https:\/\/www.linkedin.com\/in\/naira-barsegyanjuristeinternationaldroitdesaffaires\/"]}]}},"_links":{"self":[{"href":"https:\/\/nbg-avocats.fr\/ru\/wp-json\/wp\/v2\/pages\/75","targetHints":{"allow":["GET"]}}],"collection":[{"href":"https:\/\/nbg-avocats.fr\/ru\/wp-json\/wp\/v2\/pages"}],"about":[{"href":"https:\/\/nbg-avocats.fr\/ru\/wp-json\/wp\/v2\/types\/page"}],"replies":[{"embeddable":true,"href":"https:\/\/nbg-avocats.fr\/ru\/wp-json\/wp\/v2\/comments?post=75"}],"version-history":[{"count":0,"href":"https:\/\/nbg-avocats.fr\/ru\/wp-json\/wp\/v2\/pages\/75\/revisions"}],"wp:attachment":[{"href":"https:\/\/nbg-avocats.fr\/ru\/wp-json\/wp\/v2\/media?parent=75"}],"curies":[{"name":"wp","href":"https:\/\/api.w.org\/{rel}","templated":true}]}}